{"id":2182,"date":"2022-05-19T13:32:57","date_gmt":"2022-05-19T13:32:57","guid":{"rendered":"http:\/\/ssga.ujed.mx\/web\/?page_id=2182"},"modified":"2026-01-15T13:57:37","modified_gmt":"2026-01-15T19:57:37","slug":"contacto","status":"publish","type":"page","link":"http:\/\/ssga.ujed.mx\/web\/contacto","title":{"rendered":"Contacto"},"content":{"rendered":"\t\t<div data-elementor-type=\"wp-page\" data-elementor-id=\"2182\" class=\"elementor elementor-2182\">\n\t\t\t\t\t\t\t\t\t<section class=\"elementor-section elementor-top-section elementor-element elementor-element-525ff80 elementor-section-boxed elementor-section-height-default elementor-section-height-default elementor-invisible\" data-id=\"525ff80\" data-element_type=\"section\" data-settings=\"{&quot;background_background&quot;:&quot;classic&quot;,&quot;animation&quot;:&quot;slideInDown&quot;}\">\n\t\t\t\t\t\t<div class=\"elementor-container elementor-column-gap-no\">\n\t\t\t\t\t<div class=\"elementor-column elementor-col-100 elementor-top-column elementor-element elementor-element-2bd7bc5\" data-id=\"2bd7bc5\" data-element_type=\"column\">\n\t\t\t<div class=\"elementor-widget-wrap elementor-element-populated\">\n\t\t\t\t\t\t\t\t<div class=\"elementor-element elementor-element-4d43aa6 elementor-widget elementor-widget-heading\" data-id=\"4d43aa6\" data-element_type=\"widget\" data-widget_type=\"heading.default\">\n\t\t\t\t<div class=\"elementor-widget-container\">\n\t\t\t<style>\/*! elementor - v3.8.0 - 08-11-2022 *\/\n.elementor-heading-title{padding:0;margin:0;line-height:1}.elementor-widget-heading .elementor-heading-title[class*=elementor-size-]>a{color:inherit;font-size:inherit;line-height:inherit}.elementor-widget-heading .elementor-heading-title.elementor-size-small{font-size:15px}.elementor-widget-heading .elementor-heading-title.elementor-size-medium{font-size:19px}.elementor-widget-heading .elementor-heading-title.elementor-size-large{font-size:29px}.elementor-widget-heading .elementor-heading-title.elementor-size-xl{font-size:39px}.elementor-widget-heading .elementor-heading-title.elementor-size-xxl{font-size:59px}<\/style><h1 class=\"elementor-heading-title elementor-size-default\">CONTACTO SSGA<\/h1>\t\t<\/div>\n\t\t\t\t<\/div>\n\t\t\t\t\t<\/div>\n\t\t<\/div>\n\t\t\t\t\t\t\t<\/div>\n\t\t<\/section>\n\t\t<div class=\"elementor-element elementor-element-aeb0c5d e-con-boxed e-con\" data-id=\"aeb0c5d\" data-element_type=\"container\" data-settings=\"{&quot;content_width&quot;:&quot;boxed&quot;}\">\n\t\t\t\t\t<div class=\"e-con-inner\">\n\t\t\t\t\t<\/div>\n\t\t\t\t<\/div>\n\t\t\t\t<section class=\"elementor-section elementor-top-section elementor-element elementor-element-fffcb34 elementor-section-boxed elementor-section-height-default elementor-section-height-default\" data-id=\"fffcb34\" data-element_type=\"section\">\n\t\t\t\t\t\t<div class=\"elementor-container elementor-column-gap-default\">\n\t\t\t\t\t<div class=\"elementor-column elementor-col-100 elementor-top-column elementor-element elementor-element-e92908f\" data-id=\"e92908f\" data-element_type=\"column\">\n\t\t\t<div class=\"elementor-widget-wrap elementor-element-populated\">\n\t\t\t\t\t\t\t\t<div class=\"elementor-element elementor-element-e52a6cf elementor-widget-divider--view-line elementor-invisible elementor-widget elementor-widget-divider\" data-id=\"e52a6cf\" data-element_type=\"widget\" data-settings=\"{&quot;_animation&quot;:&quot;fadeInDown&quot;}\" data-widget_type=\"divider.default\">\n\t\t\t\t<div class=\"elementor-widget-container\">\n\t\t\t<style>\/*! elementor - v3.8.0 - 08-11-2022 *\/\n.elementor-widget-divider{--divider-border-style:none;--divider-border-width:1px;--divider-color:#2c2c2c;--divider-icon-size:20px;--divider-element-spacing:10px;--divider-pattern-height:24px;--divider-pattern-size:20px;--divider-pattern-url:none;--divider-pattern-repeat:repeat-x}.elementor-widget-divider .elementor-divider{display:flex}.elementor-widget-divider .elementor-divider__text{font-size:15px;line-height:1;max-width:95%}.elementor-widget-divider .elementor-divider__element{margin:0 var(--divider-element-spacing);flex-shrink:0}.elementor-widget-divider .elementor-icon{font-size:var(--divider-icon-size)}.elementor-widget-divider .elementor-divider-separator{display:flex;margin:0;direction:ltr}.elementor-widget-divider--view-line_icon .elementor-divider-separator,.elementor-widget-divider--view-line_text .elementor-divider-separator{align-items:center}.elementor-widget-divider--view-line_icon .elementor-divider-separator:after,.elementor-widget-divider--view-line_icon .elementor-divider-separator:before,.elementor-widget-divider--view-line_text .elementor-divider-separator:after,.elementor-widget-divider--view-line_text .elementor-divider-separator:before{display:block;content:\"\";border-bottom:0;flex-grow:1;border-top:var(--divider-border-width) var(--divider-border-style) var(--divider-color)}.elementor-widget-divider--element-align-left .elementor-divider .elementor-divider-separator>.elementor-divider__svg:first-of-type{flex-grow:0;flex-shrink:100}.elementor-widget-divider--element-align-left .elementor-divider-separator:before{content:none}.elementor-widget-divider--element-align-left .elementor-divider__element{margin-left:0}.elementor-widget-divider--element-align-right .elementor-divider .elementor-divider-separator>.elementor-divider__svg:last-of-type{flex-grow:0;flex-shrink:100}.elementor-widget-divider--element-align-right .elementor-divider-separator:after{content:none}.elementor-widget-divider--element-align-right .elementor-divider__element{margin-right:0}.elementor-widget-divider:not(.elementor-widget-divider--view-line_text):not(.elementor-widget-divider--view-line_icon) .elementor-divider-separator{border-top:var(--divider-border-width) var(--divider-border-style) var(--divider-color)}.elementor-widget-divider--separator-type-pattern{--divider-border-style:none}.elementor-widget-divider--separator-type-pattern.elementor-widget-divider--view-line .elementor-divider-separator,.elementor-widget-divider--separator-type-pattern:not(.elementor-widget-divider--view-line) .elementor-divider-separator:after,.elementor-widget-divider--separator-type-pattern:not(.elementor-widget-divider--view-line) .elementor-divider-separator:before,.elementor-widget-divider--separator-type-pattern:not([class*=elementor-widget-divider--view]) .elementor-divider-separator{width:100%;min-height:var(--divider-pattern-height);-webkit-mask-size:var(--divider-pattern-size) 100%;mask-size:var(--divider-pattern-size) 100%;-webkit-mask-repeat:var(--divider-pattern-repeat);mask-repeat:var(--divider-pattern-repeat);background-color:var(--divider-color);-webkit-mask-image:var(--divider-pattern-url);mask-image:var(--divider-pattern-url)}.elementor-widget-divider--no-spacing{--divider-pattern-size:auto}.elementor-widget-divider--bg-round{--divider-pattern-repeat:round}.rtl .elementor-widget-divider .elementor-divider__text{direction:rtl}.e-con-inner>.elementor-widget-divider,.e-con>.elementor-widget-divider{width:var(--container-widget-width,100%)}<\/style>\t\t<div class=\"elementor-divider\">\n\t\t\t<span class=\"elementor-divider-separator\">\n\t\t\t\t\t\t<\/span>\n\t\t<\/div>\n\t\t\t\t<\/div>\n\t\t\t\t<\/div>\n\t\t\t\t<div class=\"elementor-element elementor-element-5f2e09b elementor-widget elementor-widget-text-editor\" data-id=\"5f2e09b\" data-element_type=\"widget\" data-widget_type=\"text-editor.default\">\n\t\t\t\t<div class=\"elementor-widget-container\">\n\t\t\t<style>\/*! elementor - v3.8.0 - 08-11-2022 *\/\n.elementor-widget-text-editor.elementor-drop-cap-view-stacked .elementor-drop-cap{background-color:#818a91;color:#fff}.elementor-widget-text-editor.elementor-drop-cap-view-framed .elementor-drop-cap{color:#818a91;border:3px solid;background-color:transparent}.elementor-widget-text-editor:not(.elementor-drop-cap-view-default) .elementor-drop-cap{margin-top:8px}.elementor-widget-text-editor:not(.elementor-drop-cap-view-default) .elementor-drop-cap-letter{width:1em;height:1em}.elementor-widget-text-editor .elementor-drop-cap{float:left;text-align:center;line-height:1;font-size:50px}.elementor-widget-text-editor .elementor-drop-cap-letter{display:inline-block}<\/style>\t\t\t\t<p><img loading=\"lazy\" decoding=\"async\" class=\"aligncenter wp-image-3922 size-large\" src=\"http:\/\/ssga.ujed.mx\/web\/wp-content\/uploads\/2025\/10\/Bienvenidos-a-la-clase-de-ingles-encabezado-de-Google-Classroom-rojo-y-azul-simple-16-1024x256.png\" alt=\"\" width=\"1024\" height=\"256\" srcset=\"http:\/\/ssga.ujed.mx\/web\/wp-content\/uploads\/2025\/10\/Bienvenidos-a-la-clase-de-ingles-encabezado-de-Google-Classroom-rojo-y-azul-simple-16-1024x256.png 1024w, http:\/\/ssga.ujed.mx\/web\/wp-content\/uploads\/2025\/10\/Bienvenidos-a-la-clase-de-ingles-encabezado-de-Google-Classroom-rojo-y-azul-simple-16-300x75.png 300w, http:\/\/ssga.ujed.mx\/web\/wp-content\/uploads\/2025\/10\/Bienvenidos-a-la-clase-de-ingles-encabezado-de-Google-Classroom-rojo-y-azul-simple-16-768x192.png 768w, http:\/\/ssga.ujed.mx\/web\/wp-content\/uploads\/2025\/10\/Bienvenidos-a-la-clase-de-ingles-encabezado-de-Google-Classroom-rojo-y-azul-simple-16-1536x384.png 1536w, http:\/\/ssga.ujed.mx\/web\/wp-content\/uploads\/2025\/10\/Bienvenidos-a-la-clase-de-ingles-encabezado-de-Google-Classroom-rojo-y-azul-simple-16.png 1920w\" sizes=\"auto, (max-width: 1024px) 100vw, 1024px\" \/><\/p>\t\t\t\t\t\t<\/div>\n\t\t\t\t<\/div>\n\t\t\t\t<div class=\"elementor-element elementor-element-b8f649e elementor-align-center elementor-widget elementor-widget-button\" data-id=\"b8f649e\" data-element_type=\"widget\" data-widget_type=\"button.default\">\n\t\t\t\t<div class=\"elementor-widget-container\">\n\t\t\t\t\t<div class=\"elementor-button-wrapper\">\n\t\t\t<a href=\"https:\/\/digitalssga.ujed.mx\" target=\"_blank\" class=\"elementor-button-link elementor-button elementor-size-sm\" role=\"button\">\n\t\t\t\t\t\t<span class=\"elementor-button-content-wrapper\">\n\t\t\t\t\t\t<span class=\"elementor-button-text\">INICIAR SESI\u00d3N<\/span>\n\t\t<\/span>\n\t\t\t\t\t<\/a>\n\t\t<\/div>\n\t\t\t\t<\/div>\n\t\t\t\t<\/div>\n\t\t\t\t<div class=\"elementor-element elementor-element-3a00a24 elementor-widget elementor-widget-image\" data-id=\"3a00a24\" data-element_type=\"widget\" data-widget_type=\"image.default\">\n\t\t\t\t<div class=\"elementor-widget-container\">\n\t\t\t<style>\/*! elementor - v3.8.0 - 08-11-2022 *\/\n.elementor-widget-image{text-align:center}.elementor-widget-image a{display:inline-block}.elementor-widget-image a img[src$=\".svg\"]{width:48px}.elementor-widget-image img{vertical-align:middle;display:inline-block}<\/style>\t\t\t\t\t\t\t\t\t\t\t\t<img loading=\"lazy\" decoding=\"async\" width=\"768\" height=\"192\" src=\"http:\/\/ssga.ujed.mx\/web\/wp-content\/uploads\/2025\/10\/Bienvenidos-a-la-clase-de-ingles-encabezado-de-Google-Classroom-rojo-y-azul-simple-12-768x192.png\" class=\"attachment-medium_large size-medium_large wp-image-3890\" alt=\"\" srcset=\"http:\/\/ssga.ujed.mx\/web\/wp-content\/uploads\/2025\/10\/Bienvenidos-a-la-clase-de-ingles-encabezado-de-Google-Classroom-rojo-y-azul-simple-12-768x192.png 768w, http:\/\/ssga.ujed.mx\/web\/wp-content\/uploads\/2025\/10\/Bienvenidos-a-la-clase-de-ingles-encabezado-de-Google-Classroom-rojo-y-azul-simple-12-300x75.png 300w, http:\/\/ssga.ujed.mx\/web\/wp-content\/uploads\/2025\/10\/Bienvenidos-a-la-clase-de-ingles-encabezado-de-Google-Classroom-rojo-y-azul-simple-12-1024x256.png 1024w, http:\/\/ssga.ujed.mx\/web\/wp-content\/uploads\/2025\/10\/Bienvenidos-a-la-clase-de-ingles-encabezado-de-Google-Classroom-rojo-y-azul-simple-12-1536x384.png 1536w, http:\/\/ssga.ujed.mx\/web\/wp-content\/uploads\/2025\/10\/Bienvenidos-a-la-clase-de-ingles-encabezado-de-Google-Classroom-rojo-y-azul-simple-12.png 1920w\" sizes=\"auto, (max-width: 768px) 100vw, 768px\" \/>\t\t\t\t\t\t\t\t\t\t\t\t\t\t\t<\/div>\n\t\t\t\t<\/div>\n\t\t\t\t<div class=\"elementor-element elementor-element-b9db793 elementor-widget elementor-widget-text-editor\" data-id=\"b9db793\" data-element_type=\"widget\" data-widget_type=\"text-editor.default\">\n\t\t\t\t<div class=\"elementor-widget-container\">\n\t\t\t\t\t\t\t<h2 style=\"text-align: center;\">Directorio\u00a0<\/h2><h3>\u00a0<\/h3><h3 style=\"text-align: center;\">Subsecretaria General Acad\u00e9mica<\/h3><p><img loading=\"lazy\" decoding=\"async\" class=\"size-medium wp-image-3997 aligncenter\" src=\"http:\/\/ssga.ujed.mx\/web\/wp-content\/uploads\/2025\/11\/WhatsApp-Image-2025-11-10-at-9.49.47-AM-200x300.jpeg\" alt=\"\" width=\"200\" height=\"300\" srcset=\"http:\/\/ssga.ujed.mx\/web\/wp-content\/uploads\/2025\/11\/WhatsApp-Image-2025-11-10-at-9.49.47-AM-200x300.jpeg 200w, http:\/\/ssga.ujed.mx\/web\/wp-content\/uploads\/2025\/11\/WhatsApp-Image-2025-11-10-at-9.49.47-AM-683x1024.jpeg 683w, http:\/\/ssga.ujed.mx\/web\/wp-content\/uploads\/2025\/11\/WhatsApp-Image-2025-11-10-at-9.49.47-AM-768x1152.jpeg 768w, http:\/\/ssga.ujed.mx\/web\/wp-content\/uploads\/2025\/11\/WhatsApp-Image-2025-11-10-at-9.49.47-AM-1024x1536.jpeg 1024w, http:\/\/ssga.ujed.mx\/web\/wp-content\/uploads\/2025\/11\/WhatsApp-Image-2025-11-10-at-9.49.47-AM.jpeg 1066w\" sizes=\"auto, (max-width: 200px) 100vw, 200px\" \/><\/p><p style=\"text-align: center;\">C.O.M.F. Gamaliel Ort\u00edz Sarabia<\/p><p style=\"text-align: center;\"><span style=\"color: #ff0000;\"><strong>subsecretaria.acadaemica@ujed.mx<\/strong><\/span><\/p><h3>\u00a0<\/h3><h3 style=\"text-align: center;\">Direcci\u00f3n de Planeaci\u00f3n Institucional<\/h3><p><img loading=\"lazy\" decoding=\"async\" class=\"size-medium wp-image-3985 aligncenter\" src=\"http:\/\/ssga.ujed.mx\/web\/wp-content\/uploads\/2025\/11\/Captura-de-Pantalla-2025-11-10-a-las-9.49.13-293x300.png\" alt=\"\" width=\"293\" height=\"300\" srcset=\"http:\/\/ssga.ujed.mx\/web\/wp-content\/uploads\/2025\/11\/Captura-de-Pantalla-2025-11-10-a-las-9.49.13-293x300.png 293w, http:\/\/ssga.ujed.mx\/web\/wp-content\/uploads\/2025\/11\/Captura-de-Pantalla-2025-11-10-a-las-9.49.13-998x1024.png 998w, http:\/\/ssga.ujed.mx\/web\/wp-content\/uploads\/2025\/11\/Captura-de-Pantalla-2025-11-10-a-las-9.49.13-768x788.png 768w, http:\/\/ssga.ujed.mx\/web\/wp-content\/uploads\/2025\/11\/Captura-de-Pantalla-2025-11-10-a-las-9.49.13.png 1053w\" sizes=\"auto, (max-width: 293px) 100vw, 293px\" \/><\/p><p style=\"text-align: center;\">Q.F.B. Jos\u00e9 Elpidio Rivas Jurado<\/p><p style=\"text-align: center;\"><strong><span style=\"color: #ff0000;\">planeaci\u00f3n.institucional@ujed.mx<\/span><\/strong><\/p><h3>\u00a0<\/h3><h3 style=\"text-align: center;\">Direcci\u00f3n de Desarrollo y Fortalecimiento Acad\u00e9mico<\/h3><p><img loading=\"lazy\" decoding=\"async\" class=\" wp-image-3987 aligncenter\" src=\"http:\/\/ssga.ujed.mx\/web\/wp-content\/uploads\/2025\/11\/Captura-de-Pantalla-2025-11-10-a-las-9.56.21-300x285.png\" alt=\"\" width=\"300\" height=\"285\" srcset=\"http:\/\/ssga.ujed.mx\/web\/wp-content\/uploads\/2025\/11\/Captura-de-Pantalla-2025-11-10-a-las-9.56.21-300x285.png 300w, http:\/\/ssga.ujed.mx\/web\/wp-content\/uploads\/2025\/11\/Captura-de-Pantalla-2025-11-10-a-las-9.56.21-768x731.png 768w, http:\/\/ssga.ujed.mx\/web\/wp-content\/uploads\/2025\/11\/Captura-de-Pantalla-2025-11-10-a-las-9.56.21.png 821w\" sizes=\"auto, (max-width: 300px) 100vw, 300px\" \/><\/p><p style=\"text-align: center;\">Dr. Marcelo Barraza Salas\u00a0<\/p><p style=\"text-align: center;\"><span style=\"color: #ff0000;\"><strong>ddfa@ujed.mx<\/strong><\/span><\/p><h3>\u00a0<\/h3><h3 style=\"text-align: center;\">Direcci\u00f3n de Servicios Educativos\u00a0<\/h3><p><img loading=\"lazy\" decoding=\"async\" class=\"size-medium wp-image-3988 aligncenter\" src=\"http:\/\/ssga.ujed.mx\/web\/wp-content\/uploads\/2025\/11\/Captura-de-Pantalla-2025-11-10-a-las-9.57.21-267x300.png\" alt=\"\" width=\"267\" height=\"300\" srcset=\"http:\/\/ssga.ujed.mx\/web\/wp-content\/uploads\/2025\/11\/Captura-de-Pantalla-2025-11-10-a-las-9.57.21-267x300.png 267w, http:\/\/ssga.ujed.mx\/web\/wp-content\/uploads\/2025\/11\/Captura-de-Pantalla-2025-11-10-a-las-9.57.21-768x862.png 768w, http:\/\/ssga.ujed.mx\/web\/wp-content\/uploads\/2025\/11\/Captura-de-Pantalla-2025-11-10-a-las-9.57.21.png 772w\" sizes=\"auto, (max-width: 267px) 100vw, 267px\" \/><\/p><p style=\"text-align: center;\">Dra. Mar\u00eda del Carmen Olvera Mart\u00ednez<\/p><p style=\"text-align: center;\"><span style=\"color: #ff0000;\"><strong>dse@ujed.mx<\/strong><\/span><\/p><h3>\u00a0<\/h3><h3 style=\"text-align: center;\">Direcci\u00f3n de Internacionalizaci\u00f3n\u00a0<\/h3><p><img loading=\"lazy\" decoding=\"async\" class=\"size-medium wp-image-3989 aligncenter\" src=\"http:\/\/ssga.ujed.mx\/web\/wp-content\/uploads\/2025\/11\/Captura-de-Pantalla-2025-11-10-a-las-10.00.18-300x258.png\" alt=\"\" width=\"300\" height=\"258\" srcset=\"http:\/\/ssga.ujed.mx\/web\/wp-content\/uploads\/2025\/11\/Captura-de-Pantalla-2025-11-10-a-las-10.00.18-300x258.png 300w, http:\/\/ssga.ujed.mx\/web\/wp-content\/uploads\/2025\/11\/Captura-de-Pantalla-2025-11-10-a-las-10.00.18-768x661.png 768w, http:\/\/ssga.ujed.mx\/web\/wp-content\/uploads\/2025\/11\/Captura-de-Pantalla-2025-11-10-a-las-10.00.18.png 1005w\" sizes=\"auto, (max-width: 300px) 100vw, 300px\" \/><\/p><p style=\"text-align: center;\">Dr. Natanael Delgado Alvarado<\/p><p style=\"text-align: center;\"><span style=\"color: #ff0000;\"><strong>dir.inter@ujed.mx<\/strong><\/span><\/p><h3>\u00a0<\/h3><h3 style=\"text-align: center;\">Direcci\u00f3n de Media Superior\u00a0<\/h3><p><img loading=\"lazy\" decoding=\"async\" class=\"size-medium wp-image-3990 aligncenter\" src=\"http:\/\/ssga.ujed.mx\/web\/wp-content\/uploads\/2025\/11\/Captura-de-Pantalla-2025-11-10-a-las-10.03.10-300x255.png\" alt=\"\" width=\"300\" height=\"255\" srcset=\"http:\/\/ssga.ujed.mx\/web\/wp-content\/uploads\/2025\/11\/Captura-de-Pantalla-2025-11-10-a-las-10.03.10-300x255.png 300w, http:\/\/ssga.ujed.mx\/web\/wp-content\/uploads\/2025\/11\/Captura-de-Pantalla-2025-11-10-a-las-10.03.10-768x653.png 768w, http:\/\/ssga.ujed.mx\/web\/wp-content\/uploads\/2025\/11\/Captura-de-Pantalla-2025-11-10-a-las-10.03.10.png 854w\" sizes=\"auto, (max-width: 300px) 100vw, 300px\" \/><\/p><p style=\"text-align: center;\">Ing. Luis Enrique Rodr\u00edguez R\u00edos\u00a0<\/p><p>\u00a0<\/p><h3 style=\"text-align: center;\">Coordinaci\u00f3n de sistema universidad virtual<\/h3><p><img loading=\"lazy\" decoding=\"async\" class=\"size-medium wp-image-4005 aligncenter\" src=\"http:\/\/ssga.ujed.mx\/web\/wp-content\/uploads\/2025\/11\/Captura-de-Pantalla-2025-11-10-a-las-10.20.44-300x296.png\" alt=\"\" width=\"300\" height=\"296\" srcset=\"http:\/\/ssga.ujed.mx\/web\/wp-content\/uploads\/2025\/11\/Captura-de-Pantalla-2025-11-10-a-las-10.20.44-300x296.png 300w, http:\/\/ssga.ujed.mx\/web\/wp-content\/uploads\/2025\/11\/Captura-de-Pantalla-2025-11-10-a-las-10.20.44.png 732w\" sizes=\"auto, (max-width: 300px) 100vw, 300px\" \/><\/p><p style=\"text-align: center;\">Luis Enrique Soto Alan\u00eds<\/p><p>\u00a0<\/p>\t\t\t\t\t\t<\/div>\n\t\t\t\t<\/div>\n\t\t\t\t<div class=\"elementor-element elementor-element-69ed644 elementor-widget elementor-widget-text-editor\" data-id=\"69ed644\" data-element_type=\"widget\" data-widget_type=\"text-editor.default\">\n\t\t\t\t<div class=\"elementor-widget-container\">\n\t\t\t\t\t\t\t<p style=\"text-align: center;\"><strong>OFICINAS:<\/strong> Cuarto piso, Edificio de la Librer\u00eda UJED. Victoria 200 sur, esquina con 20 de noviembre, Zona Centro. C.P. 34000. Durango, Dgo. M\u00e9xico\u00a0<\/p><p style=\"text-align: center;\"><b>Tel\u00e9fono:<\/b> 618-827-12-48<\/p><p style=\"text-align: center;\"><b>Correo:<\/b> subsecretaria.acad\u00e9mica@ujed.mx<\/p><p><b>\u00a0<\/b><\/p><p><b>Certificaciones CONOCER:<\/b> ssgaconocer@ujed.mx<\/p><p><b>Innovaci\u00f3n Educativa: <\/b>cie@ujed.mx<\/p><p><b>Coordinaci\u00f3n de Trayectoria Escolar:<\/b> monica.reveles@ujed.mx<\/p><p><b>Coordinaci\u00f3n de Dise\u00f1o y Actualizaci\u00f3n de Planes de Estudio:<\/b> dam283@ujed.mx<\/p><p><b>Coordinaci\u00f3n Institucional de Tutoria:<\/b> tutoria.dse@ujed.mx<\/p><p><b>Coordinaci\u00f3n de Intercambio Acad\u00e9mico y Becas:<\/b>\u00a0<\/p><p><b>Coordinaci\u00f3n de la informaci\u00f3n educativa:<\/b>\u00a0cesar.carrillo@ujed.mx<\/p>\t\t\t\t\t\t<\/div>\n\t\t\t\t<\/div>\n\t\t\t\t<div class=\"elementor-element elementor-element-e76da21 elementor-widget elementor-widget-google_maps\" data-id=\"e76da21\" data-element_type=\"widget\" data-widget_type=\"google_maps.default\">\n\t\t\t\t<div class=\"elementor-widget-container\">\n\t\t\t<style>\/*! elementor - v3.8.0 - 08-11-2022 *\/\n.elementor-widget-google_maps .elementor-widget-container{overflow:hidden}.elementor-widget-google_maps iframe{height:300px}<\/style>\t\t<div class=\"elementor-custom-embed\">\n\t\t\t<iframe frameborder=\"0\" scrolling=\"no\" marginheight=\"0\" marginwidth=\"0\"\n\t\t\t\t\tsrc=\"https:\/\/maps.google.com\/maps?q=libreria%20ujed%2C%20victoria%20200%20sur%2C%20Durango%2C%20Dgo.&#038;t=m&#038;z=10&#038;output=embed&#038;iwloc=near\"\n\t\t\t\t\ttitle=\"libreria ujed, victoria 200 sur, Durango, Dgo.\"\n\t\t\t\t\taria-label=\"libreria ujed, victoria 200 sur, Durango, Dgo.\"\n\t\t\t><\/iframe>\n\t\t<\/div>\n\t\t\t\t<\/div>\n\t\t\t\t<\/div>\n\t\t\t\t<div class=\"elementor-element elementor-element-879b3fc elementor-widget elementor-widget-text-editor\" data-id=\"879b3fc\" data-element_type=\"widget\" data-widget_type=\"text-editor.default\">\n\t\t\t\t<div class=\"elementor-widget-container\">\n\t\t\t\t\t\t\t<p>\u00a0<\/p><p><img loading=\"lazy\" decoding=\"async\" class=\"size-medium wp-image-3371 aligncenter\" src=\"http:\/\/ssga.ujed.mx\/web\/wp-content\/uploads\/2025\/02\/Logo_final-300x300.png\" alt=\"\" width=\"300\" height=\"300\" srcset=\"http:\/\/ssga.ujed.mx\/web\/wp-content\/uploads\/2025\/02\/Logo_final-300x300.png 300w, http:\/\/ssga.ujed.mx\/web\/wp-content\/uploads\/2025\/02\/Logo_final-1024x1024.png 1024w, http:\/\/ssga.ujed.mx\/web\/wp-content\/uploads\/2025\/02\/Logo_final-150x150.png 150w, http:\/\/ssga.ujed.mx\/web\/wp-content\/uploads\/2025\/02\/Logo_final-768x768.png 768w, http:\/\/ssga.ujed.mx\/web\/wp-content\/uploads\/2025\/02\/Logo_final.png 1080w\" sizes=\"auto, (max-width: 300px) 100vw, 300px\" \/><\/p><p>\u00a0<\/p><p><img loading=\"lazy\" decoding=\"async\" class=\"size-medium wp-image-4208 aligncenter\" src=\"http:\/\/ssga.ujed.mx\/web\/wp-content\/uploads\/2026\/01\/Logo-circular-simple-negro-300x300.png\" alt=\"\" width=\"300\" height=\"300\" srcset=\"http:\/\/ssga.ujed.mx\/web\/wp-content\/uploads\/2026\/01\/Logo-circular-simple-negro-300x300.png 300w, http:\/\/ssga.ujed.mx\/web\/wp-content\/uploads\/2026\/01\/Logo-circular-simple-negro-150x150.png 150w, http:\/\/ssga.ujed.mx\/web\/wp-content\/uploads\/2026\/01\/Logo-circular-simple-negro.png 500w\" sizes=\"auto, (max-width: 300px) 100vw, 300px\" \/><\/p><p>\u00a0<\/p><p><img loading=\"lazy\" decoding=\"async\" class=\"size-medium wp-image-4230 aligncenter\" src=\"http:\/\/ssga.ujed.mx\/web\/wp-content\/uploads\/2026\/01\/Logo-circular-simple-negro-2-300x300.png\" alt=\"\" width=\"300\" height=\"300\" srcset=\"http:\/\/ssga.ujed.mx\/web\/wp-content\/uploads\/2026\/01\/Logo-circular-simple-negro-2-300x300.png 300w, http:\/\/ssga.ujed.mx\/web\/wp-content\/uploads\/2026\/01\/Logo-circular-simple-negro-2-150x150.png 150w, http:\/\/ssga.ujed.mx\/web\/wp-content\/uploads\/2026\/01\/Logo-circular-simple-negro-2.png 500w\" sizes=\"auto, (max-width: 300px) 100vw, 300px\" \/><\/p>\t\t\t\t\t\t<\/div>\n\t\t\t\t<\/div>\n\t\t\t\t\t<\/div>\n\t\t<\/div>\n\t\t\t\t\t\t\t<\/div>\n\t\t<\/section>\n\t\t<div class=\"elementor-element elementor-element-c54bbcb e-con-boxed e-con\" data-id=\"c54bbcb\" data-element_type=\"container\" data-settings=\"{&quot;content_width&quot;:&quot;boxed&quot;}\">\n\t\t\t\t\t<div class=\"e-con-inner\">\n\t\t\t\t<div class=\"elementor-element elementor-element-16033cd elementor-widget-divider--view-line elementor-invisible elementor-widget elementor-widget-divider\" data-id=\"16033cd\" data-element_type=\"widget\" data-settings=\"{&quot;_animation&quot;:&quot;fadeInDown&quot;}\" data-widget_type=\"divider.default\">\n\t\t\t\t<div class=\"elementor-widget-container\">\n\t\t\t\t\t<div class=\"elementor-divider\">\n\t\t\t<span class=\"elementor-divider-separator\">\n\t\t\t\t\t\t<\/span>\n\t\t<\/div>\n\t\t\t\t<\/div>\n\t\t\t\t<\/div>\n\t\t\t\t\t<\/div>\n\t\t\t\t<\/div>\n\t\t\t\t\t\t\t<\/div>\n\t\t","protected":false},"excerpt":{"rendered":"<p>CONTACTO SSGA INICIAR SESI\u00d3N Directorio\u00a0 \u00a0 Subsecretaria General Acad\u00e9mica C.O.M.F. Gamaliel Ort\u00edz Sarabia subsecretaria.acadaemica@ujed.mx \u00a0 Direcci\u00f3n de Planeaci\u00f3n Institucional Q.F.B. Jos\u00e9 Elpidio Rivas Jurado planeaci\u00f3n.institucional@ujed.mx \u00a0 Direcci\u00f3n de Desarrollo y Fortalecimiento Acad\u00e9mico Dr. Marcelo Barraza Salas\u00a0 ddfa@ujed.mx \u00a0 Direcci\u00f3n de Servicios Educativos\u00a0 Dra. Mar\u00eda del Carmen Olvera Mart\u00ednez dse@ujed.mx \u00a0 Direcci\u00f3n de Internacionalizaci\u00f3n\u00a0 Dr. Natanael &hellip;<\/p>\n<p class=\"read-more\"> <a class=\"\" href=\"http:\/\/ssga.ujed.mx\/web\/contacto\"> <span class=\"screen-reader-text\">Contacto<\/span> Leer m\u00e1s &raquo;<\/a><\/p>\n","protected":false},"author":1,"featured_media":0,"parent":0,"menu_order":0,"comment_status":"closed","ping_status":"closed","template":"","meta":{"site-sidebar-layout":"no-sidebar","site-content-layout":"page-builder","ast-global-header-display":"","ast-main-header-display":"","ast-hfb-above-header-display":"","ast-hfb-below-header-display":"","ast-hfb-mobile-header-display":"","site-post-title":"disabled","ast-breadcrumbs-content":"","ast-featured-img":"disabled","footer-sml-layout":"","theme-transparent-header-meta":"","adv-header-id-meta":"","stick-header-meta":"","header-above-stick-meta":"","header-main-stick-meta":"","header-below-stick-meta":"","footnotes":""},"class_list":["post-2182","page","type-page","status-publish","hentry"],"_links":{"self":[{"href":"http:\/\/ssga.ujed.mx\/web\/wp-json\/wp\/v2\/pages\/2182","targetHints":{"allow":["GET"]}}],"collection":[{"href":"http:\/\/ssga.ujed.mx\/web\/wp-json\/wp\/v2\/pages"}],"about":[{"href":"http:\/\/ssga.ujed.mx\/web\/wp-json\/wp\/v2\/types\/page"}],"author":[{"embeddable":true,"href":"http:\/\/ssga.ujed.mx\/web\/wp-json\/wp\/v2\/users\/1"}],"replies":[{"embeddable":true,"href":"http:\/\/ssga.ujed.mx\/web\/wp-json\/wp\/v2\/comments?post=2182"}],"version-history":[{"count":64,"href":"http:\/\/ssga.ujed.mx\/web\/wp-json\/wp\/v2\/pages\/2182\/revisions"}],"predecessor-version":[{"id":4242,"href":"http:\/\/ssga.ujed.mx\/web\/wp-json\/wp\/v2\/pages\/2182\/revisions\/4242"}],"wp:attachment":[{"href":"http:\/\/ssga.ujed.mx\/web\/wp-json\/wp\/v2\/media?parent=2182"}],"curies":[{"name":"wp","href":"https:\/\/api.w.org\/{rel}","templated":true}]}}