{"id":1995,"date":"2022-05-17T16:48:33","date_gmt":"2022-05-17T16:48:33","guid":{"rendered":"http:\/\/ssga.ujed.mx\/web\/?page_id=1995"},"modified":"2026-01-27T14:58:03","modified_gmt":"2026-01-27T20:58:03","slug":"coordinacion-de-formacion-docente","status":"publish","type":"page","link":"http:\/\/ssga.ujed.mx\/web\/coordinacion-de-formacion-docente","title":{"rendered":"Coordinaci\u00f3n de Formaci\u00f3n Docente"},"content":{"rendered":"\t\t<div data-elementor-type=\"wp-page\" data-elementor-id=\"1995\" class=\"elementor elementor-1995\">\n\t\t\t\t\t\t\t\t\t<section class=\"elementor-section elementor-top-section elementor-element elementor-element-43f1ac6 elementor-section-boxed elementor-section-height-default elementor-section-height-default elementor-invisible\" data-id=\"43f1ac6\" data-element_type=\"section\" id=\"formacion\" data-settings=\"{&quot;background_background&quot;:&quot;classic&quot;,&quot;animation&quot;:&quot;slideInDown&quot;}\">\n\t\t\t\t\t\t<div class=\"elementor-container elementor-column-gap-no\">\n\t\t\t\t\t<div class=\"elementor-column elementor-col-100 elementor-top-column elementor-element elementor-element-6137c18\" data-id=\"6137c18\" data-element_type=\"column\">\n\t\t\t<div class=\"elementor-widget-wrap elementor-element-populated\">\n\t\t\t\t\t\t\t\t<div class=\"elementor-element elementor-element-33e2362 elementor-widget elementor-widget-heading\" data-id=\"33e2362\" data-element_type=\"widget\" data-widget_type=\"heading.default\">\n\t\t\t\t<div class=\"elementor-widget-container\">\n\t\t\t<style>\/*! elementor - v3.8.0 - 08-11-2022 *\/\n.elementor-heading-title{padding:0;margin:0;line-height:1}.elementor-widget-heading .elementor-heading-title[class*=elementor-size-]>a{color:inherit;font-size:inherit;line-height:inherit}.elementor-widget-heading .elementor-heading-title.elementor-size-small{font-size:15px}.elementor-widget-heading .elementor-heading-title.elementor-size-medium{font-size:19px}.elementor-widget-heading .elementor-heading-title.elementor-size-large{font-size:29px}.elementor-widget-heading .elementor-heading-title.elementor-size-xl{font-size:39px}.elementor-widget-heading .elementor-heading-title.elementor-size-xxl{font-size:59px}<\/style><h1 class=\"elementor-heading-title elementor-size-default\">Coordinaci\u00f3n de Formaci\u00f3n Docente<\/h1>\t\t<\/div>\n\t\t\t\t<\/div>\n\t\t\t\t\t<\/div>\n\t\t<\/div>\n\t\t\t\t\t\t\t<\/div>\n\t\t<\/section>\n\t\t\t\t<section class=\"elementor-section elementor-top-section elementor-element elementor-element-780d4a0 elementor-section-boxed elementor-section-height-default elementor-section-height-default\" data-id=\"780d4a0\" data-element_type=\"section\">\n\t\t\t\t\t\t<div class=\"elementor-container elementor-column-gap-default\">\n\t\t\t\t\t<div class=\"elementor-column elementor-col-100 elementor-top-column elementor-element elementor-element-d7a51b6\" data-id=\"d7a51b6\" data-element_type=\"column\">\n\t\t\t<div class=\"elementor-widget-wrap elementor-element-populated\">\n\t\t\t\t\t\t\t\t<div class=\"elementor-element elementor-element-276f7fe elementor-widget-divider--view-line elementor-invisible elementor-widget elementor-widget-divider\" data-id=\"276f7fe\" data-element_type=\"widget\" data-settings=\"{&quot;_animation&quot;:&quot;fadeInDown&quot;}\" data-widget_type=\"divider.default\">\n\t\t\t\t<div class=\"elementor-widget-container\">\n\t\t\t<style>\/*! elementor - v3.8.0 - 08-11-2022 *\/\n.elementor-widget-divider{--divider-border-style:none;--divider-border-width:1px;--divider-color:#2c2c2c;--divider-icon-size:20px;--divider-element-spacing:10px;--divider-pattern-height:24px;--divider-pattern-size:20px;--divider-pattern-url:none;--divider-pattern-repeat:repeat-x}.elementor-widget-divider .elementor-divider{display:flex}.elementor-widget-divider .elementor-divider__text{font-size:15px;line-height:1;max-width:95%}.elementor-widget-divider .elementor-divider__element{margin:0 var(--divider-element-spacing);flex-shrink:0}.elementor-widget-divider .elementor-icon{font-size:var(--divider-icon-size)}.elementor-widget-divider .elementor-divider-separator{display:flex;margin:0;direction:ltr}.elementor-widget-divider--view-line_icon .elementor-divider-separator,.elementor-widget-divider--view-line_text .elementor-divider-separator{align-items:center}.elementor-widget-divider--view-line_icon .elementor-divider-separator:after,.elementor-widget-divider--view-line_icon .elementor-divider-separator:before,.elementor-widget-divider--view-line_text .elementor-divider-separator:after,.elementor-widget-divider--view-line_text .elementor-divider-separator:before{display:block;content:\"\";border-bottom:0;flex-grow:1;border-top:var(--divider-border-width) var(--divider-border-style) var(--divider-color)}.elementor-widget-divider--element-align-left .elementor-divider .elementor-divider-separator>.elementor-divider__svg:first-of-type{flex-grow:0;flex-shrink:100}.elementor-widget-divider--element-align-left .elementor-divider-separator:before{content:none}.elementor-widget-divider--element-align-left .elementor-divider__element{margin-left:0}.elementor-widget-divider--element-align-right .elementor-divider .elementor-divider-separator>.elementor-divider__svg:last-of-type{flex-grow:0;flex-shrink:100}.elementor-widget-divider--element-align-right .elementor-divider-separator:after{content:none}.elementor-widget-divider--element-align-right .elementor-divider__element{margin-right:0}.elementor-widget-divider:not(.elementor-widget-divider--view-line_text):not(.elementor-widget-divider--view-line_icon) .elementor-divider-separator{border-top:var(--divider-border-width) var(--divider-border-style) var(--divider-color)}.elementor-widget-divider--separator-type-pattern{--divider-border-style:none}.elementor-widget-divider--separator-type-pattern.elementor-widget-divider--view-line .elementor-divider-separator,.elementor-widget-divider--separator-type-pattern:not(.elementor-widget-divider--view-line) .elementor-divider-separator:after,.elementor-widget-divider--separator-type-pattern:not(.elementor-widget-divider--view-line) .elementor-divider-separator:before,.elementor-widget-divider--separator-type-pattern:not([class*=elementor-widget-divider--view]) .elementor-divider-separator{width:100%;min-height:var(--divider-pattern-height);-webkit-mask-size:var(--divider-pattern-size) 100%;mask-size:var(--divider-pattern-size) 100%;-webkit-mask-repeat:var(--divider-pattern-repeat);mask-repeat:var(--divider-pattern-repeat);background-color:var(--divider-color);-webkit-mask-image:var(--divider-pattern-url);mask-image:var(--divider-pattern-url)}.elementor-widget-divider--no-spacing{--divider-pattern-size:auto}.elementor-widget-divider--bg-round{--divider-pattern-repeat:round}.rtl .elementor-widget-divider .elementor-divider__text{direction:rtl}.e-con-inner>.elementor-widget-divider,.e-con>.elementor-widget-divider{width:var(--container-widget-width,100%)}<\/style>\t\t<div class=\"elementor-divider\">\n\t\t\t<span class=\"elementor-divider-separator\">\n\t\t\t\t\t\t<\/span>\n\t\t<\/div>\n\t\t\t\t<\/div>\n\t\t\t\t<\/div>\n\t\t\t\t<div class=\"elementor-element elementor-element-3179204 elementor-widget elementor-widget-image\" data-id=\"3179204\" data-element_type=\"widget\" data-widget_type=\"image.default\">\n\t\t\t\t<div class=\"elementor-widget-container\">\n\t\t\t<style>\/*! elementor - v3.8.0 - 08-11-2022 *\/\n.elementor-widget-image{text-align:center}.elementor-widget-image a{display:inline-block}.elementor-widget-image a img[src$=\".svg\"]{width:48px}.elementor-widget-image img{vertical-align:middle;display:inline-block}<\/style>\t\t\t\t\t\t\t\t\t\t\t\t<img loading=\"lazy\" decoding=\"async\" width=\"953\" height=\"346\" src=\"http:\/\/ssga.ujed.mx\/web\/wp-content\/uploads\/2022\/05\/Captura-de-pantalla-2022-05-17-a-las-14.28.02.png\" class=\"attachment-large size-large wp-image-2048\" alt=\"\" srcset=\"http:\/\/ssga.ujed.mx\/web\/wp-content\/uploads\/2022\/05\/Captura-de-pantalla-2022-05-17-a-las-14.28.02.png 953w, http:\/\/ssga.ujed.mx\/web\/wp-content\/uploads\/2022\/05\/Captura-de-pantalla-2022-05-17-a-las-14.28.02-300x109.png 300w, http:\/\/ssga.ujed.mx\/web\/wp-content\/uploads\/2022\/05\/Captura-de-pantalla-2022-05-17-a-las-14.28.02-768x279.png 768w\" sizes=\"auto, (max-width: 953px) 100vw, 953px\" \/>\t\t\t\t\t\t\t\t\t\t\t\t\t\t\t<\/div>\n\t\t\t\t<\/div>\n\t\t\t\t<div class=\"elementor-element elementor-element-22866f4 elementor-widget-divider--view-line elementor-invisible elementor-widget elementor-widget-divider\" data-id=\"22866f4\" data-element_type=\"widget\" data-settings=\"{&quot;_animation&quot;:&quot;fadeInDown&quot;}\" data-widget_type=\"divider.default\">\n\t\t\t\t<div class=\"elementor-widget-container\">\n\t\t\t\t\t<div class=\"elementor-divider\">\n\t\t\t<span class=\"elementor-divider-separator\">\n\t\t\t\t\t\t<\/span>\n\t\t<\/div>\n\t\t\t\t<\/div>\n\t\t\t\t<\/div>\n\t\t\t\t<div class=\"elementor-element elementor-element-14ce880 elementor-widget elementor-widget-text-editor\" data-id=\"14ce880\" data-element_type=\"widget\" data-widget_type=\"text-editor.default\">\n\t\t\t\t<div class=\"elementor-widget-container\">\n\t\t\t<style>\/*! elementor - v3.8.0 - 08-11-2022 *\/\n.elementor-widget-text-editor.elementor-drop-cap-view-stacked .elementor-drop-cap{background-color:#818a91;color:#fff}.elementor-widget-text-editor.elementor-drop-cap-view-framed .elementor-drop-cap{color:#818a91;border:3px solid;background-color:transparent}.elementor-widget-text-editor:not(.elementor-drop-cap-view-default) .elementor-drop-cap{margin-top:8px}.elementor-widget-text-editor:not(.elementor-drop-cap-view-default) .elementor-drop-cap-letter{width:1em;height:1em}.elementor-widget-text-editor .elementor-drop-cap{float:left;text-align:center;line-height:1;font-size:50px}.elementor-widget-text-editor .elementor-drop-cap-letter{display:inline-block}<\/style>\t\t\t\t<h2 style=\"font-size: 3.294118rem; font-style: normal; text-align: center;\">Registro y Validaci\u00f3n de Actividades de Formaci\u00f3n y Actualizaci\u00f3n Docente<\/h2><h4 style=\"font-size: 1.882353rem; font-style: normal;\">\u00a0 \u00a0 \u00a0 \u00a0 \u00a0 \u00a0 \u00a0 \u00a0 \u00a0 \u00a0 \u00a0 \u00a0 \u00a0 \u00a0 \u00a0 \u00a0 \u00a0 \u00a0 \u00a0 \u00a0 \u00a0 \u00a0 \u00a0\u201cCursos, talleres y diplomados\u201d<\/h4><p style=\"font-size: 17px; font-style: normal;\">La capacitaci\u00f3n y actualizaci\u00f3n docente son pilares fundamentales en el proceso de mejora continua y el fortalecimiento de la calidad educativa. En un contexto din\u00e1mico y en constante evoluci\u00f3n, los docentes enfrentan a diario desaf\u00edos inherentes a su labor, los cuales requieren la adquisici\u00f3n y profundizaci\u00f3n de conocimientos actualizados, as\u00ed como el desarrollo de competencias, capacidades y habilidades tanto pedag\u00f3gicas como<br \/>disciplinares, con el fin de garantizar una ense\u00f1anza efectiva.<\/p><p style=\"font-size: 17px; font-style: normal;\">Con el prop\u00f3sito de estructurar y formalizar el registro y la validaci\u00f3n de las actividades de formaci\u00f3n docente, la Subsecretar\u00eda General Acad\u00e9mica, a trav\u00e9s de la Direcci\u00f3n de Desarrollo y Fortalecimiento Acad\u00e9mico, ha desarrollado la\u00a0<strong>&#8220;Gu\u00eda para el Registro y Validaci\u00f3n de Actividades de Formaci\u00f3n y Actualizaci\u00f3n Docente<\/strong>&#8220;. Este documento establece un proceso claro y estandarizado que pretender facilitar a las unidades acad\u00e9micas la gesti\u00f3n de las iniciativas de capacitaci\u00f3n y actualizaci\u00f3n docente, asegurando su alineaci\u00f3n con los objetivos institucionales y contribuyendo al desarrollo integral del profesorado.<\/p><p style=\"font-size: 17px; font-style: normal;\">Este marco normativo no solo garantiza la transparencia y la calidad de las actividades de formaci\u00f3n y capacitaci\u00f3n, sino que tambi\u00e9n refuerza la confianza en los procesos institucionales, al asegurar que estas sean formalmente registradas, validadas y reconocidas por la instituci\u00f3n. Adem\u00e1s, fomentan la mejora continua mediante el establecimiento de mecanismos eficaces de evaluaci\u00f3n y seguimiento que permitan identificar \u00e1reas de oportunidad y consolidar fortalezas en las actividades realizadas, promoviendo as\u00ed una cultura organizacional orientada a la mejora continua y a la calidad acad\u00e9mica.<\/p><p style=\"font-size: 17px; font-style: normal;\">Para obtener mayor informaci\u00f3n sobre este proceso ponemos a tu disposici\u00f3n la \u00a0gu\u00eda y los formatos de los anexos para que realices este proceso. Dando clic en cada uno de los botones podr\u00e1s descargarlos para acceder a ellos.<\/p>\t\t\t\t\t\t<\/div>\n\t\t\t\t<\/div>\n\t\t\t\t<div class=\"elementor-element elementor-element-2bc4f7d elementor-align-center elementor-widget elementor-widget-button\" data-id=\"2bc4f7d\" data-element_type=\"widget\" data-widget_type=\"button.default\">\n\t\t\t\t<div class=\"elementor-widget-container\">\n\t\t\t\t\t<div class=\"elementor-button-wrapper\">\n\t\t\t<a href=\"http:\/\/ssga.ujed.mx\/web\/wp-content\/uploads\/2025\/04\/1.-Final-Guia-para-cursos-y-diplomados-2025-1.docx-4.pdf\" target=\"_blank\" class=\"elementor-button-link elementor-button elementor-size-sm\" role=\"button\">\n\t\t\t\t\t\t<span class=\"elementor-button-content-wrapper\">\n\t\t\t\t\t\t<span class=\"elementor-button-text\">Gu\u00eda de inicio <\/span>\n\t\t<\/span>\n\t\t\t\t\t<\/a>\n\t\t<\/div>\n\t\t\t\t<\/div>\n\t\t\t\t<\/div>\n\t\t\t\t<div class=\"elementor-element elementor-element-50de115 elementor-align-center elementor-widget elementor-widget-button\" data-id=\"50de115\" data-element_type=\"widget\" data-widget_type=\"button.default\">\n\t\t\t\t<div class=\"elementor-widget-container\">\n\t\t\t\t\t<div class=\"elementor-button-wrapper\">\n\t\t\t<a href=\"http:\/\/ssga.ujed.mx\/web\/wp-content\/uploads\/2025\/07\/Formato-01.-Oficio-de-solicitud.docx\" target=\"_blank\" class=\"elementor-button-link elementor-button elementor-size-sm\" role=\"button\">\n\t\t\t\t\t\t<span class=\"elementor-button-content-wrapper\">\n\t\t\t\t\t\t<span class=\"elementor-button-text\">1. Oficio de solicitud<\/span>\n\t\t<\/span>\n\t\t\t\t\t<\/a>\n\t\t<\/div>\n\t\t\t\t<\/div>\n\t\t\t\t<\/div>\n\t\t\t\t<div class=\"elementor-element elementor-element-e180fd4 elementor-align-center elementor-widget elementor-widget-button\" data-id=\"e180fd4\" data-element_type=\"widget\" data-widget_type=\"button.default\">\n\t\t\t\t<div class=\"elementor-widget-container\">\n\t\t\t\t\t<div class=\"elementor-button-wrapper\">\n\t\t\t<a href=\"http:\/\/ssga.ujed.mx\/web\/wp-content\/uploads\/2025\/04\/Formato-02.-Ficha-Tecnica-Actividades-de-Formacion-1-2-2.docx\" target=\"_blank\" class=\"elementor-button-link elementor-button elementor-size-sm\" role=\"button\">\n\t\t\t\t\t\t<span class=\"elementor-button-content-wrapper\">\n\t\t\t\t\t\t<span class=\"elementor-button-text\">2. Ficha t\u00e9cnica actividades de formaci\u00f3n<\/span>\n\t\t<\/span>\n\t\t\t\t\t<\/a>\n\t\t<\/div>\n\t\t\t\t<\/div>\n\t\t\t\t<\/div>\n\t\t\t\t<div class=\"elementor-element elementor-element-e263cff elementor-align-center elementor-widget elementor-widget-button\" data-id=\"e263cff\" data-element_type=\"widget\" data-widget_type=\"button.default\">\n\t\t\t\t<div class=\"elementor-widget-container\">\n\t\t\t\t\t<div class=\"elementor-button-wrapper\">\n\t\t\t<a href=\"http:\/\/ssga.ujed.mx\/web\/wp-content\/uploads\/2025\/03\/Formato-03.-Curriculum-Vitaea-del-Instructor-2.docx\" target=\"_blank\" class=\"elementor-button-link elementor-button elementor-size-sm\" role=\"button\">\n\t\t\t\t\t\t<span class=\"elementor-button-content-wrapper\">\n\t\t\t\t\t\t<span class=\"elementor-button-text\">3.Curriculum instructor <\/span>\n\t\t<\/span>\n\t\t\t\t\t<\/a>\n\t\t<\/div>\n\t\t\t\t<\/div>\n\t\t\t\t<\/div>\n\t\t\t\t<div class=\"elementor-element elementor-element-a4cafa1 elementor-align-center elementor-widget elementor-widget-button\" data-id=\"a4cafa1\" data-element_type=\"widget\" data-widget_type=\"button.default\">\n\t\t\t\t<div class=\"elementor-widget-container\">\n\t\t\t\t\t<div class=\"elementor-button-wrapper\">\n\t\t\t<a href=\"http:\/\/ssga.ujed.mx\/web\/wp-content\/uploads\/2025\/03\/Formato-04.-Informe-General-2.docx\" target=\"_blank\" class=\"elementor-button-link elementor-button elementor-size-sm\" role=\"button\">\n\t\t\t\t\t\t<span class=\"elementor-button-content-wrapper\">\n\t\t\t\t\t\t<span class=\"elementor-button-text\">4. Informe General <\/span>\n\t\t<\/span>\n\t\t\t\t\t<\/a>\n\t\t<\/div>\n\t\t\t\t<\/div>\n\t\t\t\t<\/div>\n\t\t\t\t<div class=\"elementor-element elementor-element-7fb34f4 elementor-align-center elementor-widget elementor-widget-button\" data-id=\"7fb34f4\" data-element_type=\"widget\" data-widget_type=\"button.default\">\n\t\t\t\t<div class=\"elementor-widget-container\">\n\t\t\t\t\t<div class=\"elementor-button-wrapper\">\n\t\t\t<a href=\"http:\/\/ssga.ujed.mx\/web\/wp-content\/uploads\/2025\/03\/Formato-05.-Registro-de-asistencia-2.docx\" target=\"_blank\" class=\"elementor-button-link elementor-button elementor-size-sm\" role=\"button\">\n\t\t\t\t\t\t<span class=\"elementor-button-content-wrapper\">\n\t\t\t\t\t\t<span class=\"elementor-button-text\">5. Registro de asistencia<\/span>\n\t\t<\/span>\n\t\t\t\t\t<\/a>\n\t\t<\/div>\n\t\t\t\t<\/div>\n\t\t\t\t<\/div>\n\t\t\t\t<div class=\"elementor-element elementor-element-6171e56 elementor-align-center elementor-widget elementor-widget-button\" data-id=\"6171e56\" data-element_type=\"widget\" data-widget_type=\"button.default\">\n\t\t\t\t<div class=\"elementor-widget-container\">\n\t\t\t\t\t<div class=\"elementor-button-wrapper\">\n\t\t\t<a href=\"http:\/\/ssga.ujed.mx\/web\/wp-content\/uploads\/2025\/03\/Formato-06-Instrumento-de-evaluacion.docx\" target=\"_blank\" class=\"elementor-button-link elementor-button elementor-size-sm\" role=\"button\">\n\t\t\t\t\t\t<span class=\"elementor-button-content-wrapper\">\n\t\t\t\t\t\t<span class=\"elementor-button-text\">6. Instrumento de evaluaci\u00f3n<\/span>\n\t\t<\/span>\n\t\t\t\t\t<\/a>\n\t\t<\/div>\n\t\t\t\t<\/div>\n\t\t\t\t<\/div>\n\t\t\t\t<div class=\"elementor-element elementor-element-d7119d0 elementor-align-center elementor-widget elementor-widget-button\" data-id=\"d7119d0\" data-element_type=\"widget\" data-widget_type=\"button.default\">\n\t\t\t\t<div class=\"elementor-widget-container\">\n\t\t\t\t\t<div class=\"elementor-button-wrapper\">\n\t\t\t<a href=\"http:\/\/ssga.ujed.mx\/web\/wp-content\/uploads\/2025\/03\/Formato-07.-Archivo-en-Excel-para-validacion-1-2.xlsx\" target=\"_blank\" class=\"elementor-button-link elementor-button elementor-size-sm\" role=\"button\">\n\t\t\t\t\t\t<span class=\"elementor-button-content-wrapper\">\n\t\t\t\t\t\t<span class=\"elementor-button-text\">7. Archivo para validaci\u00f3n<\/span>\n\t\t<\/span>\n\t\t\t\t\t<\/a>\n\t\t<\/div>\n\t\t\t\t<\/div>\n\t\t\t\t<\/div>\n\t\t\t\t<div class=\"elementor-element elementor-element-c7788cb elementor-align-center elementor-widget elementor-widget-button\" data-id=\"c7788cb\" data-element_type=\"widget\" data-widget_type=\"button.default\">\n\t\t\t\t<div class=\"elementor-widget-container\">\n\t\t\t\t\t<div class=\"elementor-button-wrapper\">\n\t\t\t<a href=\"https:\/\/forms.gle\/dMP11cGEfx5R1DxS8\" target=\"_blank\" class=\"elementor-button-link elementor-button elementor-size-sm\" role=\"button\">\n\t\t\t\t\t\t<span class=\"elementor-button-content-wrapper\">\n\t\t\t\t\t\t<span class=\"elementor-button-text\">8. Link para evaluaci\u00f3n en l\u00ednea<\/span>\n\t\t<\/span>\n\t\t\t\t\t<\/a>\n\t\t<\/div>\n\t\t\t\t<\/div>\n\t\t\t\t<\/div>\n\t\t\t\t\t<\/div>\n\t\t<\/div>\n\t\t\t\t\t\t\t<\/div>\n\t\t<\/section>\n\t\t<div class=\"elementor-element elementor-element-d109fa3 e-con-boxed e-con\" data-id=\"d109fa3\" data-element_type=\"container\" data-settings=\"{&quot;content_width&quot;:&quot;boxed&quot;}\">\n\t\t\t\t\t<div class=\"e-con-inner\">\n\t\t\t\t<div class=\"elementor-element elementor-element-a22df55 elementor-align-center elementor-widget elementor-widget-button\" data-id=\"a22df55\" data-element_type=\"widget\" data-widget_type=\"button.default\">\n\t\t\t\t<div class=\"elementor-widget-container\">\n\t\t\t\t\t<div class=\"elementor-button-wrapper\">\n\t\t\t<a href=\"http:\/\/ssga.ujed.mx\/web\/wp-content\/uploads\/2025\/05\/La-Universidad-Juarez-del-Estado-de-Durango-2.docx\" target=\"_blank\" class=\"elementor-button-link elementor-button elementor-size-sm\" role=\"button\">\n\t\t\t\t\t\t<span class=\"elementor-button-content-wrapper\">\n\t\t\t\t\t\t<span class=\"elementor-button-text\">9. Formato \u00danico Constancia <\/span>\n\t\t<\/span>\n\t\t\t\t\t<\/a>\n\t\t<\/div>\n\t\t\t\t<\/div>\n\t\t\t\t<\/div>\n\t\t\t\t<div class=\"elementor-element elementor-element-884f2b3 elementor-widget-divider--view-line elementor-invisible elementor-widget elementor-widget-divider\" data-id=\"884f2b3\" data-element_type=\"widget\" data-settings=\"{&quot;_animation&quot;:&quot;fadeInDown&quot;}\" data-widget_type=\"divider.default\">\n\t\t\t\t<div class=\"elementor-widget-container\">\n\t\t\t\t\t<div class=\"elementor-divider\">\n\t\t\t<span class=\"elementor-divider-separator\">\n\t\t\t\t\t\t<\/span>\n\t\t<\/div>\n\t\t\t\t<\/div>\n\t\t\t\t<\/div>\n\t\t\t\t<div class=\"elementor-element elementor-element-59b766f elementor-widget elementor-widget-text-editor\" data-id=\"59b766f\" data-element_type=\"widget\" data-widget_type=\"text-editor.default\">\n\t\t\t\t<div class=\"elementor-widget-container\">\n\t\t\t\t\t\t\t<p><img loading=\"lazy\" decoding=\"async\" class=\"size-medium wp-image-3371 aligncenter\" src=\"http:\/\/ssga.ujed.mx\/web\/wp-content\/uploads\/2025\/02\/Logo_final-300x300.png\" alt=\"\" width=\"300\" height=\"300\" srcset=\"http:\/\/ssga.ujed.mx\/web\/wp-content\/uploads\/2025\/02\/Logo_final-300x300.png 300w, http:\/\/ssga.ujed.mx\/web\/wp-content\/uploads\/2025\/02\/Logo_final-1024x1024.png 1024w, http:\/\/ssga.ujed.mx\/web\/wp-content\/uploads\/2025\/02\/Logo_final-150x150.png 150w, http:\/\/ssga.ujed.mx\/web\/wp-content\/uploads\/2025\/02\/Logo_final-768x768.png 768w, http:\/\/ssga.ujed.mx\/web\/wp-content\/uploads\/2025\/02\/Logo_final.png 1080w\" sizes=\"auto, (max-width: 300px) 100vw, 300px\" \/><\/p><p>\u00a0<\/p><p><img loading=\"lazy\" decoding=\"async\" class=\"size-medium wp-image-4208 aligncenter\" src=\"http:\/\/ssga.ujed.mx\/web\/wp-content\/uploads\/2026\/01\/Logo-circular-simple-negro-300x300.png\" alt=\"\" width=\"300\" height=\"300\" srcset=\"http:\/\/ssga.ujed.mx\/web\/wp-content\/uploads\/2026\/01\/Logo-circular-simple-negro-300x300.png 300w, http:\/\/ssga.ujed.mx\/web\/wp-content\/uploads\/2026\/01\/Logo-circular-simple-negro-150x150.png 150w, http:\/\/ssga.ujed.mx\/web\/wp-content\/uploads\/2026\/01\/Logo-circular-simple-negro.png 500w\" sizes=\"auto, (max-width: 300px) 100vw, 300px\" \/><\/p><p>\u00a0<\/p>\t\t\t\t\t\t<\/div>\n\t\t\t\t<\/div>\n\t\t\t\t\t<\/div>\n\t\t\t\t<\/div>\n\t\t<div class=\"elementor-element elementor-element-4947b6d e-con-boxed e-con\" data-id=\"4947b6d\" data-element_type=\"container\" data-settings=\"{&quot;content_width&quot;:&quot;boxed&quot;}\">\n\t\t\t\t\t<div class=\"e-con-inner\">\n\t\t\t\t\t<\/div>\n\t\t\t\t<\/div>\n\t\t\t\t\t\t\t<\/div>\n\t\t","protected":false},"excerpt":{"rendered":"<p>Coordinaci\u00f3n de Formaci\u00f3n Docente Registro y Validaci\u00f3n de Actividades de Formaci\u00f3n y Actualizaci\u00f3n Docente \u00a0 \u00a0 \u00a0 \u00a0 \u00a0 \u00a0 \u00a0 \u00a0 \u00a0 \u00a0 \u00a0 \u00a0 \u00a0 \u00a0 \u00a0 \u00a0 \u00a0 \u00a0 \u00a0 \u00a0 \u00a0 \u00a0 \u00a0\u201cCursos, talleres y diplomados\u201d La capacitaci\u00f3n y actualizaci\u00f3n docente son pilares fundamentales en el proceso de mejora continua y &hellip;<\/p>\n<p class=\"read-more\"> <a class=\"\" href=\"http:\/\/ssga.ujed.mx\/web\/coordinacion-de-formacion-docente\"> <span class=\"screen-reader-text\">Coordinaci\u00f3n de Formaci\u00f3n Docente<\/span> Leer m\u00e1s &raquo;<\/a><\/p>\n","protected":false},"author":1,"featured_media":0,"parent":0,"menu_order":0,"comment_status":"closed","ping_status":"closed","template":"","meta":{"site-sidebar-layout":"no-sidebar","site-content-layout":"page-builder","ast-global-header-display":"","ast-main-header-display":"","ast-hfb-above-header-display":"","ast-hfb-below-header-display":"","ast-hfb-mobile-header-display":"","site-post-title":"disabled","ast-breadcrumbs-content":"","ast-featured-img":"disabled","footer-sml-layout":"","theme-transparent-header-meta":"","adv-header-id-meta":"","stick-header-meta":"","header-above-stick-meta":"","header-main-stick-meta":"","header-below-stick-meta":"","footnotes":""},"class_list":["post-1995","page","type-page","status-publish","hentry"],"_links":{"self":[{"href":"http:\/\/ssga.ujed.mx\/web\/wp-json\/wp\/v2\/pages\/1995","targetHints":{"allow":["GET"]}}],"collection":[{"href":"http:\/\/ssga.ujed.mx\/web\/wp-json\/wp\/v2\/pages"}],"about":[{"href":"http:\/\/ssga.ujed.mx\/web\/wp-json\/wp\/v2\/types\/page"}],"author":[{"embeddable":true,"href":"http:\/\/ssga.ujed.mx\/web\/wp-json\/wp\/v2\/users\/1"}],"replies":[{"embeddable":true,"href":"http:\/\/ssga.ujed.mx\/web\/wp-json\/wp\/v2\/comments?post=1995"}],"version-history":[{"count":49,"href":"http:\/\/ssga.ujed.mx\/web\/wp-json\/wp\/v2\/pages\/1995\/revisions"}],"predecessor-version":[{"id":4336,"href":"http:\/\/ssga.ujed.mx\/web\/wp-json\/wp\/v2\/pages\/1995\/revisions\/4336"}],"wp:attachment":[{"href":"http:\/\/ssga.ujed.mx\/web\/wp-json\/wp\/v2\/media?parent=1995"}],"curies":[{"name":"wp","href":"https:\/\/api.w.org\/{rel}","templated":true}]}}