{"id":1871,"date":"2022-05-16T17:04:29","date_gmt":"2022-05-16T17:04:29","guid":{"rendered":"http:\/\/ssga.ujed.mx\/web\/?page_id=1871"},"modified":"2025-10-29T14:48:33","modified_gmt":"2025-10-29T20:48:33","slug":"direccion-internacionalizacion","status":"publish","type":"page","link":"http:\/\/ssga.ujed.mx\/web\/direccion-internacionalizacion","title":{"rendered":"Direcci\u00f3n Internacionalizaci\u00f3n"},"content":{"rendered":"\t\t<div data-elementor-type=\"wp-page\" data-elementor-id=\"1871\" class=\"elementor elementor-1871\">\n\t\t\t\t\t\t\t\t\t<section class=\"elementor-section elementor-top-section elementor-element elementor-element-79e6c1e elementor-section-boxed elementor-section-height-default elementor-section-height-default elementor-invisible\" data-id=\"79e6c1e\" data-element_type=\"section\" id=\"internacional\" data-settings=\"{&quot;background_background&quot;:&quot;classic&quot;,&quot;animation&quot;:&quot;slideInDown&quot;}\">\n\t\t\t\t\t\t<div class=\"elementor-container elementor-column-gap-no\">\n\t\t\t\t\t<div class=\"elementor-column elementor-col-100 elementor-top-column elementor-element elementor-element-2e3fa6c\" data-id=\"2e3fa6c\" data-element_type=\"column\">\n\t\t\t<div class=\"elementor-widget-wrap elementor-element-populated\">\n\t\t\t\t\t\t\t\t<div class=\"elementor-element elementor-element-40e0762 elementor-widget elementor-widget-heading\" data-id=\"40e0762\" data-element_type=\"widget\" data-widget_type=\"heading.default\">\n\t\t\t\t<div class=\"elementor-widget-container\">\n\t\t\t<style>\/*! elementor - v3.8.0 - 08-11-2022 *\/\n.elementor-heading-title{padding:0;margin:0;line-height:1}.elementor-widget-heading .elementor-heading-title[class*=elementor-size-]>a{color:inherit;font-size:inherit;line-height:inherit}.elementor-widget-heading .elementor-heading-title.elementor-size-small{font-size:15px}.elementor-widget-heading .elementor-heading-title.elementor-size-medium{font-size:19px}.elementor-widget-heading .elementor-heading-title.elementor-size-large{font-size:29px}.elementor-widget-heading .elementor-heading-title.elementor-size-xl{font-size:39px}.elementor-widget-heading .elementor-heading-title.elementor-size-xxl{font-size:59px}<\/style><h1 class=\"elementor-heading-title elementor-size-default\">Direcci\u00f3n de Internacionalizaci\u00f3n<\/h1>\t\t<\/div>\n\t\t\t\t<\/div>\n\t\t\t\t\t<\/div>\n\t\t<\/div>\n\t\t\t\t\t\t\t<\/div>\n\t\t<\/section>\n\t\t\t\t<section class=\"elementor-section elementor-top-section elementor-element elementor-element-648b804 elementor-section-boxed elementor-section-height-default elementor-section-height-default\" data-id=\"648b804\" data-element_type=\"section\">\n\t\t\t\t\t\t<div class=\"elementor-container elementor-column-gap-default\">\n\t\t\t\t\t<div class=\"elementor-column elementor-col-100 elementor-top-column elementor-element elementor-element-82ef9eb\" data-id=\"82ef9eb\" data-element_type=\"column\">\n\t\t\t<div class=\"elementor-widget-wrap elementor-element-populated\">\n\t\t\t\t\t\t\t\t<div class=\"elementor-element elementor-element-7221af7 elementor-widget-divider--view-line elementor-invisible elementor-widget elementor-widget-divider\" data-id=\"7221af7\" data-element_type=\"widget\" data-settings=\"{&quot;_animation&quot;:&quot;fadeInDown&quot;}\" data-widget_type=\"divider.default\">\n\t\t\t\t<div class=\"elementor-widget-container\">\n\t\t\t<style>\/*! elementor - v3.8.0 - 08-11-2022 *\/\n.elementor-widget-divider{--divider-border-style:none;--divider-border-width:1px;--divider-color:#2c2c2c;--divider-icon-size:20px;--divider-element-spacing:10px;--divider-pattern-height:24px;--divider-pattern-size:20px;--divider-pattern-url:none;--divider-pattern-repeat:repeat-x}.elementor-widget-divider .elementor-divider{display:flex}.elementor-widget-divider .elementor-divider__text{font-size:15px;line-height:1;max-width:95%}.elementor-widget-divider .elementor-divider__element{margin:0 var(--divider-element-spacing);flex-shrink:0}.elementor-widget-divider .elementor-icon{font-size:var(--divider-icon-size)}.elementor-widget-divider .elementor-divider-separator{display:flex;margin:0;direction:ltr}.elementor-widget-divider--view-line_icon .elementor-divider-separator,.elementor-widget-divider--view-line_text .elementor-divider-separator{align-items:center}.elementor-widget-divider--view-line_icon .elementor-divider-separator:after,.elementor-widget-divider--view-line_icon .elementor-divider-separator:before,.elementor-widget-divider--view-line_text .elementor-divider-separator:after,.elementor-widget-divider--view-line_text .elementor-divider-separator:before{display:block;content:\"\";border-bottom:0;flex-grow:1;border-top:var(--divider-border-width) var(--divider-border-style) var(--divider-color)}.elementor-widget-divider--element-align-left .elementor-divider .elementor-divider-separator>.elementor-divider__svg:first-of-type{flex-grow:0;flex-shrink:100}.elementor-widget-divider--element-align-left .elementor-divider-separator:before{content:none}.elementor-widget-divider--element-align-left .elementor-divider__element{margin-left:0}.elementor-widget-divider--element-align-right .elementor-divider .elementor-divider-separator>.elementor-divider__svg:last-of-type{flex-grow:0;flex-shrink:100}.elementor-widget-divider--element-align-right .elementor-divider-separator:after{content:none}.elementor-widget-divider--element-align-right .elementor-divider__element{margin-right:0}.elementor-widget-divider:not(.elementor-widget-divider--view-line_text):not(.elementor-widget-divider--view-line_icon) .elementor-divider-separator{border-top:var(--divider-border-width) var(--divider-border-style) var(--divider-color)}.elementor-widget-divider--separator-type-pattern{--divider-border-style:none}.elementor-widget-divider--separator-type-pattern.elementor-widget-divider--view-line .elementor-divider-separator,.elementor-widget-divider--separator-type-pattern:not(.elementor-widget-divider--view-line) .elementor-divider-separator:after,.elementor-widget-divider--separator-type-pattern:not(.elementor-widget-divider--view-line) .elementor-divider-separator:before,.elementor-widget-divider--separator-type-pattern:not([class*=elementor-widget-divider--view]) .elementor-divider-separator{width:100%;min-height:var(--divider-pattern-height);-webkit-mask-size:var(--divider-pattern-size) 100%;mask-size:var(--divider-pattern-size) 100%;-webkit-mask-repeat:var(--divider-pattern-repeat);mask-repeat:var(--divider-pattern-repeat);background-color:var(--divider-color);-webkit-mask-image:var(--divider-pattern-url);mask-image:var(--divider-pattern-url)}.elementor-widget-divider--no-spacing{--divider-pattern-size:auto}.elementor-widget-divider--bg-round{--divider-pattern-repeat:round}.rtl .elementor-widget-divider .elementor-divider__text{direction:rtl}.e-con-inner>.elementor-widget-divider,.e-con>.elementor-widget-divider{width:var(--container-widget-width,100%)}<\/style>\t\t<div class=\"elementor-divider\">\n\t\t\t<span class=\"elementor-divider-separator\">\n\t\t\t\t\t\t<\/span>\n\t\t<\/div>\n\t\t\t\t<\/div>\n\t\t\t\t<\/div>\n\t\t\t\t<div class=\"elementor-element elementor-element-0e250a8 elementor-widget elementor-widget-text-editor\" data-id=\"0e250a8\" data-element_type=\"widget\" data-widget_type=\"text-editor.default\">\n\t\t\t\t<div class=\"elementor-widget-container\">\n\t\t\t<style>\/*! elementor - v3.8.0 - 08-11-2022 *\/\n.elementor-widget-text-editor.elementor-drop-cap-view-stacked .elementor-drop-cap{background-color:#818a91;color:#fff}.elementor-widget-text-editor.elementor-drop-cap-view-framed .elementor-drop-cap{color:#818a91;border:3px solid;background-color:transparent}.elementor-widget-text-editor:not(.elementor-drop-cap-view-default) .elementor-drop-cap{margin-top:8px}.elementor-widget-text-editor:not(.elementor-drop-cap-view-default) .elementor-drop-cap-letter{width:1em;height:1em}.elementor-widget-text-editor .elementor-drop-cap{float:left;text-align:center;line-height:1;font-size:50px}.elementor-widget-text-editor .elementor-drop-cap-letter{display:inline-block}<\/style>\t\t\t\t<p class=\"font_7\" style=\"font-size: 20px; line-height: normal; text-align: justify;\"><img loading=\"lazy\" decoding=\"async\" class=\"size-medium wp-image-1949 aligncenter\" src=\"http:\/\/ssga.ujed.mx\/web\/wp-content\/uploads\/2022\/05\/UJED-LOGO-INTERNACIONALIZACION-07-300x93.jpg\" alt=\"\" width=\"300\" height=\"93\" srcset=\"http:\/\/ssga.ujed.mx\/web\/wp-content\/uploads\/2022\/05\/UJED-LOGO-INTERNACIONALIZACION-07-300x93.jpg 300w, http:\/\/ssga.ujed.mx\/web\/wp-content\/uploads\/2022\/05\/UJED-LOGO-INTERNACIONALIZACION-07-1024x317.jpg 1024w, http:\/\/ssga.ujed.mx\/web\/wp-content\/uploads\/2022\/05\/UJED-LOGO-INTERNACIONALIZACION-07-768x237.jpg 768w, http:\/\/ssga.ujed.mx\/web\/wp-content\/uploads\/2022\/05\/UJED-LOGO-INTERNACIONALIZACION-07-1536x475.jpg 1536w, http:\/\/ssga.ujed.mx\/web\/wp-content\/uploads\/2022\/05\/UJED-LOGO-INTERNACIONALIZACION-07.jpg 1918w\" sizes=\"auto, (max-width: 300px) 100vw, 300px\" \/><\/p><p class=\"font_7\" style=\"font-size: 20px; line-height: normal; text-align: justify;\">En la Direcci\u00f3n de Internacionalizaci\u00f3n estamos para servir y apoyar los programas de intercambio y movilidad con la finalidad de ayudar a los estudiantes, docentes, investigadores y administrativos a desarrollar competencias que mejoren su perfil profesional y los ayuden a interactuar m\u00e1s eficazmente en el ambiente globalizado en el que vivimos actualmente.<\/p><p class=\"font_7\" style=\"font-size: 20px; line-height: normal; text-align: justify;\">As\u00ed mismo se encarga de crear nuevas estrategias de cooperaci\u00f3n que permitan incrementar la visibilidad de la Universidad Ju\u00e1rez del Estado de Durango (UJED) a nivel nacional e internacional contribuyendo al desarrollo del proceso de Internacionalizaci\u00f3n de nuestra M\u00e1xima Casa de Estudios.<\/p><p class=\"font_7\" style=\"font-size: 20px; line-height: normal; text-align: justify;\">La Direcci\u00f3n de Internacionalizaci\u00f3n se encarga a su vez de los procesos de generaci\u00f3n de una cultura que contribuya al aprendizaje de lenguas extranjeras y al reconocimiento de la interculturalidad como parte fundamental de la formaci\u00f3n profesional.<\/p>\t\t\t\t\t\t<\/div>\n\t\t\t\t<\/div>\n\t\t\t\t<div class=\"elementor-element elementor-element-303fe02 elementor-widget elementor-widget-image\" data-id=\"303fe02\" data-element_type=\"widget\" data-widget_type=\"image.default\">\n\t\t\t\t<div class=\"elementor-widget-container\">\n\t\t\t<style>\/*! elementor - v3.8.0 - 08-11-2022 *\/\n.elementor-widget-image{text-align:center}.elementor-widget-image a{display:inline-block}.elementor-widget-image a img[src$=\".svg\"]{width:48px}.elementor-widget-image img{vertical-align:middle;display:inline-block}<\/style>\t\t\t\t\t\t\t\t\t\t\t\t<img loading=\"lazy\" decoding=\"async\" width=\"1024\" height=\"565\" src=\"http:\/\/ssga.ujed.mx\/web\/wp-content\/uploads\/2022\/05\/Captura-de-pantalla-2022-05-17-a-las-10.46.06-1024x565.png\" class=\"attachment-large size-large wp-image-1950\" alt=\"\" srcset=\"http:\/\/ssga.ujed.mx\/web\/wp-content\/uploads\/2022\/05\/Captura-de-pantalla-2022-05-17-a-las-10.46.06-1024x565.png 1024w, http:\/\/ssga.ujed.mx\/web\/wp-content\/uploads\/2022\/05\/Captura-de-pantalla-2022-05-17-a-las-10.46.06-300x166.png 300w, http:\/\/ssga.ujed.mx\/web\/wp-content\/uploads\/2022\/05\/Captura-de-pantalla-2022-05-17-a-las-10.46.06-768x424.png 768w, http:\/\/ssga.ujed.mx\/web\/wp-content\/uploads\/2022\/05\/Captura-de-pantalla-2022-05-17-a-las-10.46.06.png 1062w\" sizes=\"auto, (max-width: 1024px) 100vw, 1024px\" \/>\t\t\t\t\t\t\t\t\t\t\t\t\t\t\t<\/div>\n\t\t\t\t<\/div>\n\t\t\t\t<div class=\"elementor-element elementor-element-4521fa1 elementor-widget elementor-widget-text-editor\" data-id=\"4521fa1\" data-element_type=\"widget\" data-widget_type=\"text-editor.default\">\n\t\t\t\t<div class=\"elementor-widget-container\">\n\t\t\t\t\t\t\t<p style=\"font-size: 20px; line-height: normal; text-align: justify;\"><span style=\"color: #8b0000;\"><span style=\"font-weight: bold;\">Algunas de las tareas puntuales que realiza la Direcci\u00f3n de Internacionalizaci\u00f3n son:<\/span><\/span><\/p><p style=\"font-size: 20px; line-height: normal; text-align: justify;\">\u00a0<\/p><ul style=\"font-size: 20px;\"><li style=\"line-height: normal;\"><p style=\"font-size: 20px; line-height: normal;\">Lanzamiento de convocatorias semestrales del Programa de Movilidad.<\/p><\/li><li style=\"line-height: normal;\"><p style=\"font-size: 20px; line-height: normal;\">Gesti\u00f3n de convenios con Universidades Nacionales e Internacionales.<\/p><\/li><li style=\"line-height: normal;\"><p style=\"font-size: 20px; line-height: normal;\">Negociaci\u00f3n y divulgaci\u00f3n de becas semestrales para Movilidad.<\/p><\/li><li style=\"line-height: normal;\"><p style=\"font-size: 20px; line-height: normal;\">Representaci\u00f3n de la Universidad en eventos de talla nacional e internacional.<\/p><\/li><li style=\"line-height: normal;\"><p style=\"font-size: 20px; line-height: normal;\">Intercambios para estudiantes, docentes, investigadores y administrativos.<\/p><\/li><li style=\"line-height: normal;\"><p style=\"font-size: 20px; line-height: normal;\">Recepci\u00f3n de estudiantes nacionales y extranjeros para estancias semestrales y pr\u00e1cticas profesionales.<\/p><\/li><li style=\"line-height: normal;\"><p style=\"font-size: 20px; line-height: normal;\">Colaboraci\u00f3n con universidades socias para programas de Doble Titulaci\u00f3n.<\/p><\/li><li style=\"line-height: normal;\"><p style=\"font-size: 20px; line-height: normal;\">Programas Intensivos de Idiomas con Certificaci\u00f3n Oficial.<\/p><\/li><li style=\"line-height: normal;\"><p style=\"font-size: 20px; line-height: normal;\">Desarrollo y posicionamiento de la imagen institucional en el \u00e1mbito nacional e internacional.<\/p><\/li><li style=\"line-height: normal;\"><p style=\"font-size: 20px; line-height: normal;\">Proyecci\u00f3n social y la Internacionalizaci\u00f3n del Curriculo.<\/p><\/li><\/ul>\t\t\t\t\t\t<\/div>\n\t\t\t\t<\/div>\n\t\t\t\t<div class=\"elementor-element elementor-element-922a563 elementor-widget-divider--view-line elementor-invisible elementor-widget elementor-widget-divider\" data-id=\"922a563\" data-element_type=\"widget\" data-settings=\"{&quot;_animation&quot;:&quot;fadeInDown&quot;}\" data-widget_type=\"divider.default\">\n\t\t\t\t<div class=\"elementor-widget-container\">\n\t\t\t\t\t<div class=\"elementor-divider\">\n\t\t\t<span class=\"elementor-divider-separator\">\n\t\t\t\t\t\t<\/span>\n\t\t<\/div>\n\t\t\t\t<\/div>\n\t\t\t\t<\/div>\n\t\t\t\t<div class=\"elementor-element elementor-element-24198a2 elementor-widget elementor-widget-text-editor\" data-id=\"24198a2\" data-element_type=\"widget\" data-widget_type=\"text-editor.default\">\n\t\t\t\t<div class=\"elementor-widget-container\">\n\t\t\t\t\t\t\t<ul><li style=\"text-align: center;\"><span style=\"color: #000000;\"><span style=\"font-size: 48px;\"><img loading=\"lazy\" decoding=\"async\" src=\"http:\/\/ssga.ujed.mx\/web\/wp-content\/uploads\/2022\/05\/182559-300x300.png\" alt=\"\" width=\"101\" height=\"101\" \/>Programa de movilidad estudiantil<\/span><\/span><\/li><\/ul><div><p style=\"font-size: 20px; line-height: normal; text-align: justify;\">Los intercambios acad\u00e9micos forman parte del Programa de Movilidad Estudiantil que ofrece la Universidad Ju\u00e1rez del Estado de Durango a sus estudiantes de licenciatura para realizar un semestre de su carrera fuera de la UJED en alguna de las universidades socias con las que se tiene convenio, con una oferta de destinos nacionales e internacionales.<\/p><p style=\"font-size: 20px; line-height: normal; text-align: justify;\">Las convocatorias se lanzan de manera semestral, ofreciendo la oportunidad de participar del programa en dos ocasiones, ya sea dos estancias nacionales o una estancia internacional y una nacional.<\/p><p style=\"font-size: 20px; line-height: normal; text-align: justify;\"><span style=\"color: #8b0000; font-weight: bold; font-style: inherit; background-color: var(--ast-global-color-4);\">Requisitos para aplicar a los intercambios:<\/span><\/p><p style=\"font-size: 20px; line-height: normal; text-align: justify;\">1. La UJED debe tener un convenio vigente o la participaci\u00f3n directa a trav\u00e9s de una red de cooperaci\u00f3n acad\u00e9mica con las instituci\u00f3n educativa de destino para poder solicitar la estancia. En muchas ocasiones, existe un n\u00famero limitado de plazas por destino o no todas las universidades tendr\u00e1n la disponibilidad de modalidad virtual o presencial. Para conocer la oferta de destinos se podr\u00e1 consultar en la p\u00e1gina oficial de Facebook: Direcci\u00f3n de Internacionalizaci\u00f3n UJED.<\/p><p style=\"font-size: 20px; line-height: normal; text-align: justify;\">2. Haber cubierto, al menos, el 30% de los cr\u00e9ditos del programa de estudios. Salvo disposici\u00f3n distinta por parte de la Universidad receptora.<\/p><p style=\"font-size: 20px; line-height: normal; text-align: justify;\">3. Tener un promedio general de carrera igual o mayor a 8.5 al momento de realizar la postulaci\u00f3n.<\/p><p style=\"font-size: 20px; line-height: normal; text-align: justify;\"><span style=\"font-style: inherit; font-weight: inherit; background-color: var(--ast-global-color-4); color: var(--ast-global-color-3);\">4. No estar cursando el \u00faltimo semestre del programa educativo, salvo autorizaci\u00f3n por escrito de la Secretar\u00eda Acad\u00e9mica de la Facultad o Escuela correspondiente.<\/span><\/p><p style=\"font-size: 20px; line-height: normal; text-align: justify;\">5. En caso de postular a un programa internacional impartido en otro idioma, es requisito indispensable acreditar de manera oficial un nivel certificado B2 de acuerdo al Marco Com\u00fan de Referencia Europea. Las certificaciones oficiales aceptadas son:<\/p><ul><li style=\"font-size: 20px; line-height: normal; text-align: justify;\">Estancias en Franc\u00e9s: DELF B2.<\/li><li style=\"font-size: 20px; line-height: normal; text-align: justify;\">Estancias en Ingl\u00e9s: TOEFL iBT (m\u00ednimo 80 puntos), TOELF ITP (m\u00ednimo 543 puntos), IELTS Banda 5-6.<\/li><li style=\"font-size: 20px; line-height: normal; text-align: justify;\">Estancias Alem\u00e1n: Goethe-Zertifikat B2.<\/li><li style=\"font-size: 20px; line-height: normal; text-align: justify;\">Estancias en Italiano: CELI 3<\/li><\/ul><p style=\"font-size: 20px; line-height: normal; text-align: justify;\">6. Solicitar el n\u00famero de asignaturas (m\u00ednimo 3) y cr\u00e9ditos equivalentes para completar correctamente el proyecto acad\u00e9mico, aplica para modalidad virtual o presencial. Se deber\u00e1 tomar en cuenta que la disponibilidad de materias ofertadas de manera virtual depende de la IES receptora, se aconseja contar con al menos una materia adicional al m\u00ednimo solicitado. (Para conocer la oferta acad\u00e9mica es necesario consultar las p\u00e1ginas oficiales de cada Universidad).<\/p><p style=\"font-size: 20px; line-height: normal; text-align: justify;\"><span style=\"font-style: inherit; font-weight: inherit; background-color: var(--ast-global-color-4); color: var(--ast-global-color-3);\">Si quieres participar del Programa de Movilidad y tienes dudas o inquietudes te invitamos a seguir la P\u00e1gina Oficial de: Direcci\u00f3n de Internacionalizaci\u00f3n.<\/span><\/p><p>\u00a0<\/p><p style=\"font-size: 20px; line-height: normal; text-align: justify;\"><span style=\"color: #800000;\"><strong>Programa Internacional de Clases Espejo.<\/strong><\/span><\/p><p style=\"font-size: 20px; line-height: normal; text-align: justify;\">El Programa de Clases Espejo promueve la participaci\u00f3n de los docentes y estudiantes de la UJED en este proyecto, entendiendo clase espejo como una herramienta de comunicaci\u00f3n activa que usa una plataforma digital compartida entre profesores y<br \/>estudiantes de ambas universidades, propiciando el desarrollo sincr\u00f3nico y asincr\u00f3nico de una serie de sesiones de un curso.<\/p><p style=\"font-size: 20px; line-height: normal; text-align: justify;\">Esta estrategia de Internacionalizaci\u00f3n en Casa se ha realizado en un primer momento en colaboraci\u00f3n con la Universidad Santo Tom\u00e1s Campus Tunja en Colombia, quienes nos comparten el cat\u00e1logo de asignaturas disponibles, programas acad\u00e9micos y docentes quienes est\u00e1n interesados en participar en esta actividad con nosotros en la UJED.<\/p><p style=\"font-size: 20px; line-height: normal; text-align: justify;\">El Programa se mantiene activo de manera semestral y cada vez m\u00e1s son las Facultades que aprovechan esta valiosa oportunidad de vivir la internacionalizaci\u00f3n sin necesidad de desplazarse, aprovechando el aporte acad\u00e9mico y profesional que<br \/>esta experiencia ofrece.<\/p><p style=\"font-size: 20px; line-height: normal; text-align: justify;\">Para m\u00e1s informaci\u00f3n, enviar un correo al: <strong>bienvenidos@ujed.mx <\/strong><\/p><p style=\"font-size: 20px; line-height: normal; text-align: justify;\"><span style=\"color: #800000;\"><strong>Programa de Atracci\u00f3n de Estudiantes Visitantes<\/strong><\/span><\/p><p style=\"font-size: 20px; line-height: normal; text-align: justify;\">La Universidad Ju\u00e1rez del Estado de Durango ha considerado dentro de su plan y modelo educativos la internacionalizaci\u00f3n y vinculaci\u00f3n educativa, con el objetivo de realizar en convenio con universidades nacionales e internacionales de prestigio una<br \/>cooperaci\u00f3n acad\u00e9mica de calidad.<\/p><p style=\"font-size: 20px; line-height: normal; text-align: justify;\">En pasados a\u00f1os, la UJED ha recibido estudiantes de paises como Espa\u00f1a, Argentina, Colombia, Per\u00fa, Francia y Portugal. Adem\u00e1s de estudiantes nacionales de la Universidad Aut\u00f3noma de M\u00e9xico, de la Universidad Aut\u00f3noma de Nuevo Le\u00f3n, Universidad Aut\u00f3noma de Sinaloa por mencionar algunas. Resaltando as\u00ed el hecho que la movilidad entrante y saliente constituye una modalidad de vinculaci\u00f3n que est\u00e1 actualmente considerada en la mayor\u00eda de los programas de cooperaci\u00f3n acad\u00e9mica.<\/p><p style=\"font-size: 20px; line-height: normal; text-align: justify;\">Por lo anterior se busca promover a la UJED como una universidad destino de estudiantes extranjeros, mediante una serie de iniciativas y propuestas para la atenci\u00f3n y atracci\u00f3n de estudiantes visitantes, resaltando los beneficios de vivir en Durango y estudiar en la UJED.<\/p><\/div>\t\t\t\t\t\t<\/div>\n\t\t\t\t<\/div>\n\t\t\t\t<div class=\"elementor-element elementor-element-82e5f5c elementor-widget-divider--view-line elementor-invisible elementor-widget elementor-widget-divider\" data-id=\"82e5f5c\" data-element_type=\"widget\" data-settings=\"{&quot;_animation&quot;:&quot;fadeInDown&quot;}\" data-widget_type=\"divider.default\">\n\t\t\t\t<div class=\"elementor-widget-container\">\n\t\t\t\t\t<div class=\"elementor-divider\">\n\t\t\t<span class=\"elementor-divider-separator\">\n\t\t\t\t\t\t<\/span>\n\t\t<\/div>\n\t\t\t\t<\/div>\n\t\t\t\t<\/div>\n\t\t\t\t\t<\/div>\n\t\t<\/div>\n\t\t\t\t\t\t\t<\/div>\n\t\t<\/section>\n\t\t\t\t\t\t\t<\/div>\n\t\t","protected":false},"excerpt":{"rendered":"<p>Direcci\u00f3n de Internacionalizaci\u00f3n En la Direcci\u00f3n de Internacionalizaci\u00f3n estamos para servir y apoyar los programas de intercambio y movilidad con la finalidad de ayudar a los estudiantes, docentes, investigadores y administrativos a desarrollar competencias que mejoren su perfil profesional y los ayuden a interactuar m\u00e1s eficazmente en el ambiente globalizado en el que vivimos actualmente. &hellip;<\/p>\n<p class=\"read-more\"> <a class=\"\" href=\"http:\/\/ssga.ujed.mx\/web\/direccion-internacionalizacion\"> <span class=\"screen-reader-text\">Direcci\u00f3n Internacionalizaci\u00f3n<\/span> Leer m\u00e1s &raquo;<\/a><\/p>\n","protected":false},"author":1,"featured_media":0,"parent":0,"menu_order":0,"comment_status":"closed","ping_status":"closed","template":"","meta":{"site-sidebar-layout":"no-sidebar","site-content-layout":"page-builder","ast-global-header-display":"","ast-main-header-display":"","ast-hfb-above-header-display":"","ast-hfb-below-header-display":"","ast-hfb-mobile-header-display":"","site-post-title":"disabled","ast-breadcrumbs-content":"","ast-featured-img":"disabled","footer-sml-layout":"","theme-transparent-header-meta":"","adv-header-id-meta":"","stick-header-meta":"","header-above-stick-meta":"","header-main-stick-meta":"","header-below-stick-meta":"","footnotes":""},"class_list":["post-1871","page","type-page","status-publish","hentry"],"_links":{"self":[{"href":"http:\/\/ssga.ujed.mx\/web\/wp-json\/wp\/v2\/pages\/1871","targetHints":{"allow":["GET"]}}],"collection":[{"href":"http:\/\/ssga.ujed.mx\/web\/wp-json\/wp\/v2\/pages"}],"about":[{"href":"http:\/\/ssga.ujed.mx\/web\/wp-json\/wp\/v2\/types\/page"}],"author":[{"embeddable":true,"href":"http:\/\/ssga.ujed.mx\/web\/wp-json\/wp\/v2\/users\/1"}],"replies":[{"embeddable":true,"href":"http:\/\/ssga.ujed.mx\/web\/wp-json\/wp\/v2\/comments?post=1871"}],"version-history":[{"count":43,"href":"http:\/\/ssga.ujed.mx\/web\/wp-json\/wp\/v2\/pages\/1871\/revisions"}],"predecessor-version":[{"id":3849,"href":"http:\/\/ssga.ujed.mx\/web\/wp-json\/wp\/v2\/pages\/1871\/revisions\/3849"}],"wp:attachment":[{"href":"http:\/\/ssga.ujed.mx\/web\/wp-json\/wp\/v2\/media?parent=1871"}],"curies":[{"name":"wp","href":"https:\/\/api.w.org\/{rel}","templated":true}]}}