{"id":1864,"date":"2022-05-16T17:02:23","date_gmt":"2022-05-16T17:02:23","guid":{"rendered":"http:\/\/ssga.ujed.mx\/web\/?page_id=1864"},"modified":"2026-01-27T12:25:55","modified_gmt":"2026-01-27T18:25:55","slug":"ddfa","status":"publish","type":"page","link":"http:\/\/ssga.ujed.mx\/web\/ddfa","title":{"rendered":"Direcci\u00f3n de Desarrollo y Fortalecimiento Acad\u00e9mico"},"content":{"rendered":"\t\t<div data-elementor-type=\"wp-page\" data-elementor-id=\"1864\" class=\"elementor elementor-1864\">\n\t\t\t\t\t\t\t\t\t<section class=\"elementor-section elementor-top-section elementor-element elementor-element-e6fe48a elementor-section-boxed elementor-section-height-default elementor-section-height-default\" data-id=\"e6fe48a\" data-element_type=\"section\" id=\"desarrollo\" data-settings=\"{&quot;background_background&quot;:&quot;classic&quot;}\">\n\t\t\t\t\t\t<div class=\"elementor-container elementor-column-gap-no\">\n\t\t\t\t\t<div class=\"elementor-column elementor-col-100 elementor-top-column elementor-element elementor-element-1d28c8a\" data-id=\"1d28c8a\" data-element_type=\"column\">\n\t\t\t<div class=\"elementor-widget-wrap elementor-element-populated\">\n\t\t\t\t\t\t\t\t<div class=\"elementor-element elementor-element-ede0962 elementor-widget elementor-widget-heading\" data-id=\"ede0962\" data-element_type=\"widget\" data-widget_type=\"heading.default\">\n\t\t\t\t<div class=\"elementor-widget-container\">\n\t\t\t<style>\/*! elementor - v3.8.0 - 08-11-2022 *\/\n.elementor-heading-title{padding:0;margin:0;line-height:1}.elementor-widget-heading .elementor-heading-title[class*=elementor-size-]>a{color:inherit;font-size:inherit;line-height:inherit}.elementor-widget-heading .elementor-heading-title.elementor-size-small{font-size:15px}.elementor-widget-heading .elementor-heading-title.elementor-size-medium{font-size:19px}.elementor-widget-heading .elementor-heading-title.elementor-size-large{font-size:29px}.elementor-widget-heading .elementor-heading-title.elementor-size-xl{font-size:39px}.elementor-widget-heading .elementor-heading-title.elementor-size-xxl{font-size:59px}<\/style><h1 class=\"elementor-heading-title elementor-size-default\">Direcci\u00f3n de Desarrollo y Fortalecimiento Acad\u00e9mico<\/h1>\t\t<\/div>\n\t\t\t\t<\/div>\n\t\t\t\t\t<\/div>\n\t\t<\/div>\n\t\t\t\t\t\t\t<\/div>\n\t\t<\/section>\n\t\t\t\t<section class=\"elementor-section elementor-top-section elementor-element elementor-element-f71aab9 elementor-section-boxed elementor-section-height-default elementor-section-height-default\" data-id=\"f71aab9\" data-element_type=\"section\">\n\t\t\t\t\t\t<div class=\"elementor-container elementor-column-gap-default\">\n\t\t\t\t\t<div class=\"elementor-column elementor-col-100 elementor-top-column elementor-element elementor-element-7e3ac72\" data-id=\"7e3ac72\" data-element_type=\"column\">\n\t\t\t<div class=\"elementor-widget-wrap elementor-element-populated\">\n\t\t\t\t\t\t\t\t<div class=\"elementor-element elementor-element-60a9348 elementor-widget-divider--view-line elementor-invisible elementor-widget elementor-widget-divider\" data-id=\"60a9348\" data-element_type=\"widget\" data-settings=\"{&quot;_animation&quot;:&quot;fadeInDown&quot;}\" data-widget_type=\"divider.default\">\n\t\t\t\t<div class=\"elementor-widget-container\">\n\t\t\t<style>\/*! elementor - v3.8.0 - 08-11-2022 *\/\n.elementor-widget-divider{--divider-border-style:none;--divider-border-width:1px;--divider-color:#2c2c2c;--divider-icon-size:20px;--divider-element-spacing:10px;--divider-pattern-height:24px;--divider-pattern-size:20px;--divider-pattern-url:none;--divider-pattern-repeat:repeat-x}.elementor-widget-divider .elementor-divider{display:flex}.elementor-widget-divider .elementor-divider__text{font-size:15px;line-height:1;max-width:95%}.elementor-widget-divider .elementor-divider__element{margin:0 var(--divider-element-spacing);flex-shrink:0}.elementor-widget-divider .elementor-icon{font-size:var(--divider-icon-size)}.elementor-widget-divider .elementor-divider-separator{display:flex;margin:0;direction:ltr}.elementor-widget-divider--view-line_icon .elementor-divider-separator,.elementor-widget-divider--view-line_text .elementor-divider-separator{align-items:center}.elementor-widget-divider--view-line_icon .elementor-divider-separator:after,.elementor-widget-divider--view-line_icon .elementor-divider-separator:before,.elementor-widget-divider--view-line_text .elementor-divider-separator:after,.elementor-widget-divider--view-line_text .elementor-divider-separator:before{display:block;content:\"\";border-bottom:0;flex-grow:1;border-top:var(--divider-border-width) var(--divider-border-style) var(--divider-color)}.elementor-widget-divider--element-align-left .elementor-divider .elementor-divider-separator>.elementor-divider__svg:first-of-type{flex-grow:0;flex-shrink:100}.elementor-widget-divider--element-align-left .elementor-divider-separator:before{content:none}.elementor-widget-divider--element-align-left .elementor-divider__element{margin-left:0}.elementor-widget-divider--element-align-right .elementor-divider .elementor-divider-separator>.elementor-divider__svg:last-of-type{flex-grow:0;flex-shrink:100}.elementor-widget-divider--element-align-right .elementor-divider-separator:after{content:none}.elementor-widget-divider--element-align-right .elementor-divider__element{margin-right:0}.elementor-widget-divider:not(.elementor-widget-divider--view-line_text):not(.elementor-widget-divider--view-line_icon) .elementor-divider-separator{border-top:var(--divider-border-width) var(--divider-border-style) var(--divider-color)}.elementor-widget-divider--separator-type-pattern{--divider-border-style:none}.elementor-widget-divider--separator-type-pattern.elementor-widget-divider--view-line .elementor-divider-separator,.elementor-widget-divider--separator-type-pattern:not(.elementor-widget-divider--view-line) .elementor-divider-separator:after,.elementor-widget-divider--separator-type-pattern:not(.elementor-widget-divider--view-line) .elementor-divider-separator:before,.elementor-widget-divider--separator-type-pattern:not([class*=elementor-widget-divider--view]) .elementor-divider-separator{width:100%;min-height:var(--divider-pattern-height);-webkit-mask-size:var(--divider-pattern-size) 100%;mask-size:var(--divider-pattern-size) 100%;-webkit-mask-repeat:var(--divider-pattern-repeat);mask-repeat:var(--divider-pattern-repeat);background-color:var(--divider-color);-webkit-mask-image:var(--divider-pattern-url);mask-image:var(--divider-pattern-url)}.elementor-widget-divider--no-spacing{--divider-pattern-size:auto}.elementor-widget-divider--bg-round{--divider-pattern-repeat:round}.rtl .elementor-widget-divider .elementor-divider__text{direction:rtl}.e-con-inner>.elementor-widget-divider,.e-con>.elementor-widget-divider{width:var(--container-widget-width,100%)}<\/style>\t\t<div class=\"elementor-divider\">\n\t\t\t<span class=\"elementor-divider-separator\">\n\t\t\t\t\t\t<\/span>\n\t\t<\/div>\n\t\t\t\t<\/div>\n\t\t\t\t<\/div>\n\t\t\t\t<div class=\"elementor-element elementor-element-9a835a5 elementor-widget elementor-widget-text-editor\" data-id=\"9a835a5\" data-element_type=\"widget\" data-widget_type=\"text-editor.default\">\n\t\t\t\t<div class=\"elementor-widget-container\">\n\t\t\t<style>\/*! elementor - v3.8.0 - 08-11-2022 *\/\n.elementor-widget-text-editor.elementor-drop-cap-view-stacked .elementor-drop-cap{background-color:#818a91;color:#fff}.elementor-widget-text-editor.elementor-drop-cap-view-framed .elementor-drop-cap{color:#818a91;border:3px solid;background-color:transparent}.elementor-widget-text-editor:not(.elementor-drop-cap-view-default) .elementor-drop-cap{margin-top:8px}.elementor-widget-text-editor:not(.elementor-drop-cap-view-default) .elementor-drop-cap-letter{width:1em;height:1em}.elementor-widget-text-editor .elementor-drop-cap{float:left;text-align:center;line-height:1;font-size:50px}.elementor-widget-text-editor .elementor-drop-cap-letter{display:inline-block}<\/style>\t\t\t\t<p>\u00a0<\/p><p><img loading=\"lazy\" decoding=\"async\" class=\"aligncenter wp-image-4322 size-large\" src=\"http:\/\/ssga.ujed.mx\/web\/wp-content\/uploads\/2026\/01\/Bienvenidos-a-la-clase-de-ingles-encabezado-de-Google-Classroom-rojo-y-azul-simple-1024x256.png\" alt=\"\" width=\"1024\" height=\"256\" srcset=\"http:\/\/ssga.ujed.mx\/web\/wp-content\/uploads\/2026\/01\/Bienvenidos-a-la-clase-de-ingles-encabezado-de-Google-Classroom-rojo-y-azul-simple-1024x256.png 1024w, http:\/\/ssga.ujed.mx\/web\/wp-content\/uploads\/2026\/01\/Bienvenidos-a-la-clase-de-ingles-encabezado-de-Google-Classroom-rojo-y-azul-simple-300x75.png 300w, http:\/\/ssga.ujed.mx\/web\/wp-content\/uploads\/2026\/01\/Bienvenidos-a-la-clase-de-ingles-encabezado-de-Google-Classroom-rojo-y-azul-simple-768x192.png 768w, http:\/\/ssga.ujed.mx\/web\/wp-content\/uploads\/2026\/01\/Bienvenidos-a-la-clase-de-ingles-encabezado-de-Google-Classroom-rojo-y-azul-simple-1536x384.png 1536w, http:\/\/ssga.ujed.mx\/web\/wp-content\/uploads\/2026\/01\/Bienvenidos-a-la-clase-de-ingles-encabezado-de-Google-Classroom-rojo-y-azul-simple.png 1920w\" sizes=\"auto, (max-width: 1024px) 100vw, 1024px\" \/><\/p><p style=\"line-height: normal; text-align: justify;\"><span style=\"font-size: 20px;\">En la <b>Direcci\u00f3n de Desarrollo y Fortalecimiento Acad\u00e9mico (DDFA)<\/b> se trabaja en el\u00a0<\/span><span style=\"font-size: 20px; font-style: inherit; font-weight: inherit; background-color: var(--ast-global-color-4); color: var(--ast-global-color-3);\">fortalecimiento de la planta acad\u00e9mica de la universidad, a trav\u00e9s de los procesos de mejora\u00a0<\/span><span style=\"font-size: 20px; font-style: inherit; font-weight: inherit; background-color: var(--ast-global-color-4); color: var(--ast-global-color-3);\">continua del profesorado, programas de incentivos y concursos por oposici\u00f3n.<\/span><\/p><p style=\"line-height: normal; text-align: justify;\"><span style=\"font-size: 20px;\">Para lograrlo, dentro la DDFA contamos con las siguientes \u00e1reas:<\/span><\/p><p style=\"line-height: normal; text-align: justify;\"><span style=\"font-size: 20px;\"><b>Coordinaci\u00f3n de Innovaci\u00f3n Educativa<\/b>, creado con la finalidad de mantener la actualizaci\u00f3n\u00a0<\/span><span style=\"font-size: 20px; font-style: inherit; font-weight: inherit; background-color: var(--ast-global-color-4); color: var(--ast-global-color-3);\">docente en las nuevas tecnolog\u00edas aplicadas a la educaci\u00f3n.<\/span><\/p><p style=\"line-height: normal; text-align: justify;\"><span style=\"font-size: 20px;\"><b>Coordinaci\u00f3n de Superaci\u00f3n Acad\u00e9mica<\/b>, en ella se encuentra alojado el programa federal de\u00a0<\/span><span style=\"font-size: 20px; font-style: inherit; font-weight: inherit; background-color: var(--ast-global-color-4); color: var(--ast-global-color-3);\">Est\u00edmulos al Desempe\u00f1o del Personal Docente.<\/span><\/p><p style=\"line-height: normal; text-align: justify;\"><span style=\"font-size: 20px;\"><b>Coordinaci\u00f3n de Formaci\u00f3n Docente<\/b>, aqu\u00ed te orientamos sobre los tr\u00e1mites a realizar para\u00a0<\/span><span style=\"font-size: 20px; font-style: inherit; font-weight: inherit; background-color: var(--ast-global-color-4); color: var(--ast-global-color-3);\">aprobaci\u00f3n de propuestas acad\u00e9micas de capacitaci\u00f3n y actualizaci\u00f3n docente para llevar a\u00a0<\/span><span style=\"font-size: 20px; font-style: inherit; font-weight: inherit; background-color: var(--ast-global-color-4); color: var(--ast-global-color-3);\">cabo en tu Unidad Acad\u00e9mica.<\/span><span style=\"font-size: 20px; font-style: inherit; font-weight: inherit; background-color: var(--ast-global-color-4); color: var(--ast-global-color-3);\"><br \/><\/span><\/p>\t\t\t\t\t\t<\/div>\n\t\t\t\t<\/div>\n\t\t\t\t<div class=\"elementor-element elementor-element-ee66521 elementor-widget-divider--view-line elementor-invisible elementor-widget elementor-widget-divider\" data-id=\"ee66521\" data-element_type=\"widget\" data-settings=\"{&quot;_animation&quot;:&quot;fadeInDown&quot;}\" data-widget_type=\"divider.default\">\n\t\t\t\t<div class=\"elementor-widget-container\">\n\t\t\t\t\t<div class=\"elementor-divider\">\n\t\t\t<span class=\"elementor-divider-separator\">\n\t\t\t\t\t\t<\/span>\n\t\t<\/div>\n\t\t\t\t<\/div>\n\t\t\t\t<\/div>\n\t\t\t\t<div class=\"elementor-element elementor-element-31554f2 elementor-widget elementor-widget-text-editor\" data-id=\"31554f2\" data-element_type=\"widget\" data-widget_type=\"text-editor.default\">\n\t\t\t\t<div class=\"elementor-widget-container\">\n\t\t\t\t\t\t\t<h3 style=\"text-align: center;\">Pr\u00f3ximos Cursos\u00a0<\/h3><p>Dise\u00f1o instrucciones Alineado al Modelo Educativo UJED. del 8 al 19 de diciembre 2025.<\/p><p>Inscripciones escaneando el c\u00f3digo QR\u00a0<\/p><p><img loading=\"lazy\" decoding=\"async\" class=\"aligncenter wp-image-4025 size-full\" src=\"http:\/\/ssga.ujed.mx\/web\/wp-content\/uploads\/2025\/11\/Captura-de-Pantalla-2025-11-10-a-las-11.14.22.png\" alt=\"\" width=\"656\" height=\"875\" srcset=\"http:\/\/ssga.ujed.mx\/web\/wp-content\/uploads\/2025\/11\/Captura-de-Pantalla-2025-11-10-a-las-11.14.22.png 656w, http:\/\/ssga.ujed.mx\/web\/wp-content\/uploads\/2025\/11\/Captura-de-Pantalla-2025-11-10-a-las-11.14.22-225x300.png 225w\" sizes=\"auto, (max-width: 656px) 100vw, 656px\" \/><\/p>\t\t\t\t\t\t<\/div>\n\t\t\t\t<\/div>\n\t\t\t\t<div class=\"elementor-element elementor-element-545a7c8 elementor-widget-divider--view-line elementor-invisible elementor-widget elementor-widget-divider\" data-id=\"545a7c8\" data-element_type=\"widget\" data-settings=\"{&quot;_animation&quot;:&quot;fadeInDown&quot;}\" data-widget_type=\"divider.default\">\n\t\t\t\t<div class=\"elementor-widget-container\">\n\t\t\t\t\t<div class=\"elementor-divider\">\n\t\t\t<span class=\"elementor-divider-separator\">\n\t\t\t\t\t\t<\/span>\n\t\t<\/div>\n\t\t\t\t<\/div>\n\t\t\t\t<\/div>\n\t\t\t\t<div class=\"elementor-element elementor-element-840de1e elementor-align-center elementor-widget elementor-widget-button\" data-id=\"840de1e\" data-element_type=\"widget\" data-widget_type=\"button.default\">\n\t\t\t\t<div class=\"elementor-widget-container\">\n\t\t\t\t\t<div class=\"elementor-button-wrapper\">\n\t\t\t<a href=\"http:\/\/ssga.ujed.mx\/web\/?page_id=1985#innovacion\" class=\"elementor-button-link elementor-button elementor-size-sm\" role=\"button\">\n\t\t\t\t\t\t<span class=\"elementor-button-content-wrapper\">\n\t\t\t\t\t\t<span class=\"elementor-button-text\">Coordinaci\u00f3n de Innovacion Educativa <\/span>\n\t\t<\/span>\n\t\t\t\t\t<\/a>\n\t\t<\/div>\n\t\t\t\t<\/div>\n\t\t\t\t<\/div>\n\t\t\t\t<div class=\"elementor-element elementor-element-c716faa elementor-align-center elementor-widget elementor-widget-button\" data-id=\"c716faa\" data-element_type=\"widget\" data-widget_type=\"button.default\">\n\t\t\t\t<div class=\"elementor-widget-container\">\n\t\t\t\t\t<div class=\"elementor-button-wrapper\">\n\t\t\t<a href=\"http:\/\/ssga.ujed.mx\/web\/?page_id=1990#superacion\" class=\"elementor-button-link elementor-button elementor-size-sm\" role=\"button\">\n\t\t\t\t\t\t<span class=\"elementor-button-content-wrapper\">\n\t\t\t\t\t\t<span class=\"elementor-button-text\">Coordinacion de Superaci\u00f3n Acad\u00e9mica<\/span>\n\t\t<\/span>\n\t\t\t\t\t<\/a>\n\t\t<\/div>\n\t\t\t\t<\/div>\n\t\t\t\t<\/div>\n\t\t\t\t<div class=\"elementor-element elementor-element-61eff5a elementor-align-center elementor-widget elementor-widget-button\" data-id=\"61eff5a\" data-element_type=\"widget\" data-widget_type=\"button.default\">\n\t\t\t\t<div class=\"elementor-widget-container\">\n\t\t\t\t\t<div class=\"elementor-button-wrapper\">\n\t\t\t<a href=\"http:\/\/ssga.ujed.mx\/web\/?page_id=1995#formacion\" class=\"elementor-button-link elementor-button elementor-size-sm\" role=\"button\">\n\t\t\t\t\t\t<span class=\"elementor-button-content-wrapper\">\n\t\t\t\t\t\t<span class=\"elementor-button-text\">Coordinaci\u00f3n de Formaci\u00f3n Docente<\/span>\n\t\t<\/span>\n\t\t\t\t\t<\/a>\n\t\t<\/div>\n\t\t\t\t<\/div>\n\t\t\t\t<\/div>\n\t\t\t\t\t<\/div>\n\t\t<\/div>\n\t\t\t\t\t\t\t<\/div>\n\t\t<\/section>\n\t\t\t\t<section class=\"elementor-section elementor-top-section elementor-element elementor-element-7e44fc0 elementor-section-boxed elementor-section-height-default elementor-section-height-default\" data-id=\"7e44fc0\" data-element_type=\"section\">\n\t\t\t\t\t\t<div class=\"elementor-container elementor-column-gap-default\">\n\t\t\t\t\t<div class=\"elementor-column elementor-col-100 elementor-top-column elementor-element elementor-element-8b87311\" data-id=\"8b87311\" data-element_type=\"column\">\n\t\t\t<div class=\"elementor-widget-wrap elementor-element-populated\">\n\t\t\t\t\t\t\t\t<div class=\"elementor-element elementor-element-843acb3 elementor-widget elementor-widget-text-editor\" data-id=\"843acb3\" data-element_type=\"widget\" data-widget_type=\"text-editor.default\">\n\t\t\t\t<div class=\"elementor-widget-container\">\n\t\t\t\t\t\t\t<p>\u00a0<\/p><p><img loading=\"lazy\" decoding=\"async\" class=\"size-medium wp-image-3371 aligncenter\" src=\"http:\/\/ssga.ujed.mx\/web\/wp-content\/uploads\/2025\/02\/Logo_final-300x300.png\" alt=\"\" width=\"300\" height=\"300\" srcset=\"http:\/\/ssga.ujed.mx\/web\/wp-content\/uploads\/2025\/02\/Logo_final-300x300.png 300w, http:\/\/ssga.ujed.mx\/web\/wp-content\/uploads\/2025\/02\/Logo_final-1024x1024.png 1024w, http:\/\/ssga.ujed.mx\/web\/wp-content\/uploads\/2025\/02\/Logo_final-150x150.png 150w, http:\/\/ssga.ujed.mx\/web\/wp-content\/uploads\/2025\/02\/Logo_final-768x768.png 768w, http:\/\/ssga.ujed.mx\/web\/wp-content\/uploads\/2025\/02\/Logo_final.png 1080w\" sizes=\"auto, (max-width: 300px) 100vw, 300px\" \/><\/p><p>\u00a0<\/p><p><img loading=\"lazy\" decoding=\"async\" class=\"size-medium wp-image-4208 aligncenter\" src=\"http:\/\/ssga.ujed.mx\/web\/wp-content\/uploads\/2026\/01\/Logo-circular-simple-negro-300x300.png\" alt=\"\" width=\"300\" height=\"300\" srcset=\"http:\/\/ssga.ujed.mx\/web\/wp-content\/uploads\/2026\/01\/Logo-circular-simple-negro-300x300.png 300w, http:\/\/ssga.ujed.mx\/web\/wp-content\/uploads\/2026\/01\/Logo-circular-simple-negro-150x150.png 150w, http:\/\/ssga.ujed.mx\/web\/wp-content\/uploads\/2026\/01\/Logo-circular-simple-negro.png 500w\" sizes=\"auto, (max-width: 300px) 100vw, 300px\" \/><\/p><p>\u00a0<\/p>\t\t\t\t\t\t<\/div>\n\t\t\t\t<\/div>\n\t\t\t\t\t<\/div>\n\t\t<\/div>\n\t\t\t\t\t\t\t<\/div>\n\t\t<\/section>\n\t\t\t\t\t\t\t<\/div>\n\t\t","protected":false},"excerpt":{"rendered":"<p>Direcci\u00f3n de Desarrollo y Fortalecimiento Acad\u00e9mico \u00a0 En la Direcci\u00f3n de Desarrollo y Fortalecimiento Acad\u00e9mico (DDFA) se trabaja en el\u00a0fortalecimiento de la planta acad\u00e9mica de la universidad, a trav\u00e9s de los procesos de mejora\u00a0continua del profesorado, programas de incentivos y concursos por oposici\u00f3n. Para lograrlo, dentro la DDFA contamos con las siguientes \u00e1reas: Coordinaci\u00f3n de &hellip;<\/p>\n<p class=\"read-more\"> <a class=\"\" href=\"http:\/\/ssga.ujed.mx\/web\/ddfa\"> <span class=\"screen-reader-text\">Direcci\u00f3n de Desarrollo y Fortalecimiento Acad\u00e9mico<\/span> Leer m\u00e1s &raquo;<\/a><\/p>\n","protected":false},"author":1,"featured_media":0,"parent":0,"menu_order":0,"comment_status":"closed","ping_status":"closed","template":"","meta":{"site-sidebar-layout":"no-sidebar","site-content-layout":"page-builder","ast-global-header-display":"","ast-main-header-display":"","ast-hfb-above-header-display":"","ast-hfb-below-header-display":"","ast-hfb-mobile-header-display":"","site-post-title":"disabled","ast-breadcrumbs-content":"","ast-featured-img":"disabled","footer-sml-layout":"","theme-transparent-header-meta":"","adv-header-id-meta":"","stick-header-meta":"","header-above-stick-meta":"","header-main-stick-meta":"","header-below-stick-meta":"","footnotes":""},"class_list":["post-1864","page","type-page","status-publish","hentry"],"_links":{"self":[{"href":"http:\/\/ssga.ujed.mx\/web\/wp-json\/wp\/v2\/pages\/1864","targetHints":{"allow":["GET"]}}],"collection":[{"href":"http:\/\/ssga.ujed.mx\/web\/wp-json\/wp\/v2\/pages"}],"about":[{"href":"http:\/\/ssga.ujed.mx\/web\/wp-json\/wp\/v2\/types\/page"}],"author":[{"embeddable":true,"href":"http:\/\/ssga.ujed.mx\/web\/wp-json\/wp\/v2\/users\/1"}],"replies":[{"embeddable":true,"href":"http:\/\/ssga.ujed.mx\/web\/wp-json\/wp\/v2\/comments?post=1864"}],"version-history":[{"count":260,"href":"http:\/\/ssga.ujed.mx\/web\/wp-json\/wp\/v2\/pages\/1864\/revisions"}],"predecessor-version":[{"id":4325,"href":"http:\/\/ssga.ujed.mx\/web\/wp-json\/wp\/v2\/pages\/1864\/revisions\/4325"}],"wp:attachment":[{"href":"http:\/\/ssga.ujed.mx\/web\/wp-json\/wp\/v2\/media?parent=1864"}],"curies":[{"name":"wp","href":"https:\/\/api.w.org\/{rel}","templated":true}]}}