{"id":1860,"date":"2022-05-16T17:04:04","date_gmt":"2022-05-16T17:04:04","guid":{"rendered":"http:\/\/ssga.ujed.mx\/web\/?page_id=1860"},"modified":"2026-01-27T13:48:06","modified_gmt":"2026-01-27T19:48:06","slug":"dpi","status":"publish","type":"page","link":"http:\/\/ssga.ujed.mx\/web\/dpi","title":{"rendered":"Direcci\u00f3n de Planeaci\u00f3n Institucional"},"content":{"rendered":"\t\t<div data-elementor-type=\"wp-page\" data-elementor-id=\"1860\" class=\"elementor elementor-1860\">\n\t\t\t\t\t\t\t\t\t<section class=\"elementor-section elementor-top-section elementor-element elementor-element-e76bae7 elementor-section-boxed elementor-section-height-default elementor-section-height-default\" data-id=\"e76bae7\" data-element_type=\"section\" id=\"planeacion\" data-settings=\"{&quot;background_background&quot;:&quot;classic&quot;}\">\n\t\t\t\t\t\t<div class=\"elementor-container elementor-column-gap-no\">\n\t\t\t\t\t<div class=\"elementor-column elementor-col-100 elementor-top-column elementor-element elementor-element-c56fde7\" data-id=\"c56fde7\" data-element_type=\"column\">\n\t\t\t<div class=\"elementor-widget-wrap elementor-element-populated\">\n\t\t\t\t\t\t\t\t<div class=\"elementor-element elementor-element-8fc4395 elementor-widget elementor-widget-heading\" data-id=\"8fc4395\" data-element_type=\"widget\" data-widget_type=\"heading.default\">\n\t\t\t\t<div class=\"elementor-widget-container\">\n\t\t\t<style>\/*! elementor - v3.8.0 - 08-11-2022 *\/\n.elementor-heading-title{padding:0;margin:0;line-height:1}.elementor-widget-heading .elementor-heading-title[class*=elementor-size-]>a{color:inherit;font-size:inherit;line-height:inherit}.elementor-widget-heading .elementor-heading-title.elementor-size-small{font-size:15px}.elementor-widget-heading .elementor-heading-title.elementor-size-medium{font-size:19px}.elementor-widget-heading .elementor-heading-title.elementor-size-large{font-size:29px}.elementor-widget-heading .elementor-heading-title.elementor-size-xl{font-size:39px}.elementor-widget-heading .elementor-heading-title.elementor-size-xxl{font-size:59px}<\/style><h1 class=\"elementor-heading-title elementor-size-default\">Direcci\u00f3n de Planeaci\u00f3n Institucional<\/h1>\t\t<\/div>\n\t\t\t\t<\/div>\n\t\t\t\t\t<\/div>\n\t\t<\/div>\n\t\t\t\t\t\t\t<\/div>\n\t\t<\/section>\n\t\t\t\t<section class=\"elementor-section elementor-top-section elementor-element elementor-element-c22d0af elementor-section-boxed elementor-section-height-default elementor-section-height-default\" data-id=\"c22d0af\" data-element_type=\"section\">\n\t\t\t\t\t\t<div class=\"elementor-container elementor-column-gap-default\">\n\t\t\t\t\t<div class=\"elementor-column elementor-col-100 elementor-top-column elementor-element elementor-element-cbe0a07\" data-id=\"cbe0a07\" data-element_type=\"column\">\n\t\t\t<div class=\"elementor-widget-wrap elementor-element-populated\">\n\t\t\t\t\t\t\t\t<div class=\"elementor-element elementor-element-7e6fd92 elementor-widget-divider--view-line elementor-invisible elementor-widget elementor-widget-divider\" data-id=\"7e6fd92\" data-element_type=\"widget\" data-settings=\"{&quot;_animation&quot;:&quot;fadeInDown&quot;}\" data-widget_type=\"divider.default\">\n\t\t\t\t<div class=\"elementor-widget-container\">\n\t\t\t<style>\/*! elementor - v3.8.0 - 08-11-2022 *\/\n.elementor-widget-divider{--divider-border-style:none;--divider-border-width:1px;--divider-color:#2c2c2c;--divider-icon-size:20px;--divider-element-spacing:10px;--divider-pattern-height:24px;--divider-pattern-size:20px;--divider-pattern-url:none;--divider-pattern-repeat:repeat-x}.elementor-widget-divider .elementor-divider{display:flex}.elementor-widget-divider .elementor-divider__text{font-size:15px;line-height:1;max-width:95%}.elementor-widget-divider .elementor-divider__element{margin:0 var(--divider-element-spacing);flex-shrink:0}.elementor-widget-divider .elementor-icon{font-size:var(--divider-icon-size)}.elementor-widget-divider .elementor-divider-separator{display:flex;margin:0;direction:ltr}.elementor-widget-divider--view-line_icon .elementor-divider-separator,.elementor-widget-divider--view-line_text .elementor-divider-separator{align-items:center}.elementor-widget-divider--view-line_icon .elementor-divider-separator:after,.elementor-widget-divider--view-line_icon .elementor-divider-separator:before,.elementor-widget-divider--view-line_text .elementor-divider-separator:after,.elementor-widget-divider--view-line_text .elementor-divider-separator:before{display:block;content:\"\";border-bottom:0;flex-grow:1;border-top:var(--divider-border-width) var(--divider-border-style) var(--divider-color)}.elementor-widget-divider--element-align-left .elementor-divider .elementor-divider-separator>.elementor-divider__svg:first-of-type{flex-grow:0;flex-shrink:100}.elementor-widget-divider--element-align-left .elementor-divider-separator:before{content:none}.elementor-widget-divider--element-align-left .elementor-divider__element{margin-left:0}.elementor-widget-divider--element-align-right .elementor-divider .elementor-divider-separator>.elementor-divider__svg:last-of-type{flex-grow:0;flex-shrink:100}.elementor-widget-divider--element-align-right .elementor-divider-separator:after{content:none}.elementor-widget-divider--element-align-right .elementor-divider__element{margin-right:0}.elementor-widget-divider:not(.elementor-widget-divider--view-line_text):not(.elementor-widget-divider--view-line_icon) .elementor-divider-separator{border-top:var(--divider-border-width) var(--divider-border-style) var(--divider-color)}.elementor-widget-divider--separator-type-pattern{--divider-border-style:none}.elementor-widget-divider--separator-type-pattern.elementor-widget-divider--view-line .elementor-divider-separator,.elementor-widget-divider--separator-type-pattern:not(.elementor-widget-divider--view-line) .elementor-divider-separator:after,.elementor-widget-divider--separator-type-pattern:not(.elementor-widget-divider--view-line) .elementor-divider-separator:before,.elementor-widget-divider--separator-type-pattern:not([class*=elementor-widget-divider--view]) .elementor-divider-separator{width:100%;min-height:var(--divider-pattern-height);-webkit-mask-size:var(--divider-pattern-size) 100%;mask-size:var(--divider-pattern-size) 100%;-webkit-mask-repeat:var(--divider-pattern-repeat);mask-repeat:var(--divider-pattern-repeat);background-color:var(--divider-color);-webkit-mask-image:var(--divider-pattern-url);mask-image:var(--divider-pattern-url)}.elementor-widget-divider--no-spacing{--divider-pattern-size:auto}.elementor-widget-divider--bg-round{--divider-pattern-repeat:round}.rtl .elementor-widget-divider .elementor-divider__text{direction:rtl}.e-con-inner>.elementor-widget-divider,.e-con>.elementor-widget-divider{width:var(--container-widget-width,100%)}<\/style>\t\t<div class=\"elementor-divider\">\n\t\t\t<span class=\"elementor-divider-separator\">\n\t\t\t\t\t\t<\/span>\n\t\t<\/div>\n\t\t\t\t<\/div>\n\t\t\t\t<\/div>\n\t\t\t\t<div class=\"elementor-element elementor-element-1145906 elementor-widget elementor-widget-text-editor\" data-id=\"1145906\" data-element_type=\"widget\" data-widget_type=\"text-editor.default\">\n\t\t\t\t<div class=\"elementor-widget-container\">\n\t\t\t<style>\/*! elementor - v3.8.0 - 08-11-2022 *\/\n.elementor-widget-text-editor.elementor-drop-cap-view-stacked .elementor-drop-cap{background-color:#818a91;color:#fff}.elementor-widget-text-editor.elementor-drop-cap-view-framed .elementor-drop-cap{color:#818a91;border:3px solid;background-color:transparent}.elementor-widget-text-editor:not(.elementor-drop-cap-view-default) .elementor-drop-cap{margin-top:8px}.elementor-widget-text-editor:not(.elementor-drop-cap-view-default) .elementor-drop-cap-letter{width:1em;height:1em}.elementor-widget-text-editor .elementor-drop-cap{float:left;text-align:center;line-height:1;font-size:50px}.elementor-widget-text-editor .elementor-drop-cap-letter{display:inline-block}<\/style>\t\t\t\t<p><img loading=\"lazy\" decoding=\"async\" class=\"aligncenter wp-image-4329 size-large\" src=\"http:\/\/ssga.ujed.mx\/web\/wp-content\/uploads\/2026\/01\/Bienvenidos-a-la-clase-de-ingles-encabezado-de-Google-Classroom-rojo-y-azul-simple-3-1024x256.png\" alt=\"\" width=\"1024\" height=\"256\" srcset=\"http:\/\/ssga.ujed.mx\/web\/wp-content\/uploads\/2026\/01\/Bienvenidos-a-la-clase-de-ingles-encabezado-de-Google-Classroom-rojo-y-azul-simple-3-1024x256.png 1024w, http:\/\/ssga.ujed.mx\/web\/wp-content\/uploads\/2026\/01\/Bienvenidos-a-la-clase-de-ingles-encabezado-de-Google-Classroom-rojo-y-azul-simple-3-300x75.png 300w, http:\/\/ssga.ujed.mx\/web\/wp-content\/uploads\/2026\/01\/Bienvenidos-a-la-clase-de-ingles-encabezado-de-Google-Classroom-rojo-y-azul-simple-3-768x192.png 768w, http:\/\/ssga.ujed.mx\/web\/wp-content\/uploads\/2026\/01\/Bienvenidos-a-la-clase-de-ingles-encabezado-de-Google-Classroom-rojo-y-azul-simple-3-1536x384.png 1536w, http:\/\/ssga.ujed.mx\/web\/wp-content\/uploads\/2026\/01\/Bienvenidos-a-la-clase-de-ingles-encabezado-de-Google-Classroom-rojo-y-azul-simple-3.png 1920w\" sizes=\"auto, (max-width: 1024px) 100vw, 1024px\" \/><\/p><p><img loading=\"lazy\" decoding=\"async\" class=\"aligncenter wp-image-4330 size-large\" src=\"http:\/\/ssga.ujed.mx\/web\/wp-content\/uploads\/2026\/01\/Bienvenidos-a-la-clase-de-ingles-encabezado-de-Google-Classroom-rojo-y-azul-simple-2-1024x256.png\" alt=\"\" width=\"1024\" height=\"256\" srcset=\"http:\/\/ssga.ujed.mx\/web\/wp-content\/uploads\/2026\/01\/Bienvenidos-a-la-clase-de-ingles-encabezado-de-Google-Classroom-rojo-y-azul-simple-2-1024x256.png 1024w, http:\/\/ssga.ujed.mx\/web\/wp-content\/uploads\/2026\/01\/Bienvenidos-a-la-clase-de-ingles-encabezado-de-Google-Classroom-rojo-y-azul-simple-2-300x75.png 300w, http:\/\/ssga.ujed.mx\/web\/wp-content\/uploads\/2026\/01\/Bienvenidos-a-la-clase-de-ingles-encabezado-de-Google-Classroom-rojo-y-azul-simple-2-768x192.png 768w, http:\/\/ssga.ujed.mx\/web\/wp-content\/uploads\/2026\/01\/Bienvenidos-a-la-clase-de-ingles-encabezado-de-Google-Classroom-rojo-y-azul-simple-2-1536x384.png 1536w, http:\/\/ssga.ujed.mx\/web\/wp-content\/uploads\/2026\/01\/Bienvenidos-a-la-clase-de-ingles-encabezado-de-Google-Classroom-rojo-y-azul-simple-2.png 1920w\" sizes=\"auto, (max-width: 1024px) 100vw, 1024px\" \/><\/p><p>\u00a0<\/p><p><span style=\"font-size: 20px; text-align: justify;\">El <\/span><strong><span style=\"font-size: 20px; text-align: justify;\">objetivo<\/span><\/strong><span style=\"font-size: 20px; text-align: justify;\"> primordial<\/span><span style=\"font-size: 20px; text-align: justify;\"> de la<\/span><span style=\"font-weight: bold; font-size: 20px; text-align: justify;\"> Direcci\u00f3n de Planeaci\u00f3n Institucional <\/span><span style=\"font-size: 20px; text-align: justify;\">es organizar mediante la cultura de la planeaci\u00f3n l<\/span><span style=\"background-color: var(--ast-global-color-4); font-size: 20px;\">a formulaci\u00f3n de planes<\/span><span style=\"font-size: 20px; font-style: inherit; font-weight: inherit; text-align: justify; background-color: var(--ast-global-color-4); color: var(--ast-global-color-3);\">, programas y proyectos\u00a0<\/span><span style=\"font-size: 20px; font-style: inherit; font-weight: inherit; text-align: justify; background-color: var(--ast-global-color-4); color: var(--ast-global-color-3);\">institucionales que permitan apoyar la toma de\u00a0<\/span><span style=\"font-size: 20px; font-style: inherit; font-weight: inherit; text-align: justify; background-color: var(--ast-global-color-4); color: var(--ast-global-color-3);\">decisiones estrat\u00e9gicas para asegurar el\u00a0<\/span><span style=\"font-size: 20px; font-style: inherit; font-weight: inherit; text-align: justify; background-color: var(--ast-global-color-4); color: var(--ast-global-color-3);\">cumplimiento de la misi\u00f3n y visi\u00f3n universitaria.\u00a0<\/span><\/p>\t\t\t\t\t\t<\/div>\n\t\t\t\t<\/div>\n\t\t\t\t<div class=\"elementor-element elementor-element-de3d226 elementor-widget elementor-widget-image\" data-id=\"de3d226\" data-element_type=\"widget\" data-widget_type=\"image.default\">\n\t\t\t\t<div class=\"elementor-widget-container\">\n\t\t\t<style>\/*! elementor - v3.8.0 - 08-11-2022 *\/\n.elementor-widget-image{text-align:center}.elementor-widget-image a{display:inline-block}.elementor-widget-image a img[src$=\".svg\"]{width:48px}.elementor-widget-image img{vertical-align:middle;display:inline-block}<\/style>\t\t\t\t\t\t\t\t\t\t\t\t<img loading=\"lazy\" decoding=\"async\" width=\"768\" height=\"402\" src=\"http:\/\/ssga.ujed.mx\/web\/wp-content\/uploads\/2022\/05\/Captura-de-pantalla-2022-05-18-a-las-09.35.47-768x402.png\" class=\"attachment-medium_large size-medium_large wp-image-2103\" alt=\"\" srcset=\"http:\/\/ssga.ujed.mx\/web\/wp-content\/uploads\/2022\/05\/Captura-de-pantalla-2022-05-18-a-las-09.35.47-768x402.png 768w, http:\/\/ssga.ujed.mx\/web\/wp-content\/uploads\/2022\/05\/Captura-de-pantalla-2022-05-18-a-las-09.35.47-300x157.png 300w, http:\/\/ssga.ujed.mx\/web\/wp-content\/uploads\/2022\/05\/Captura-de-pantalla-2022-05-18-a-las-09.35.47-1024x536.png 1024w, http:\/\/ssga.ujed.mx\/web\/wp-content\/uploads\/2022\/05\/Captura-de-pantalla-2022-05-18-a-las-09.35.47.png 1033w\" sizes=\"auto, (max-width: 768px) 100vw, 768px\" \/>\t\t\t\t\t\t\t\t\t\t\t\t\t\t\t<\/div>\n\t\t\t\t<\/div>\n\t\t\t\t\t<\/div>\n\t\t<\/div>\n\t\t\t\t\t\t\t<\/div>\n\t\t<\/section>\n\t\t<div class=\"elementor-element elementor-element-2cb2de1 e-con-boxed e-con\" data-id=\"2cb2de1\" data-element_type=\"container\" data-settings=\"{&quot;content_width&quot;:&quot;boxed&quot;}\">\n\t\t\t\t\t<div class=\"e-con-inner\">\n\t\t\t\t<div class=\"elementor-element elementor-element-85a9252 elementor-widget-divider--view-line elementor-invisible elementor-widget elementor-widget-divider\" data-id=\"85a9252\" data-element_type=\"widget\" data-settings=\"{&quot;_animation&quot;:&quot;fadeInDown&quot;}\" data-widget_type=\"divider.default\">\n\t\t\t\t<div class=\"elementor-widget-container\">\n\t\t\t\t\t<div class=\"elementor-divider\">\n\t\t\t<span class=\"elementor-divider-separator\">\n\t\t\t\t\t\t<\/span>\n\t\t<\/div>\n\t\t\t\t<\/div>\n\t\t\t\t<\/div>\n\t\t\t\t<div class=\"elementor-element elementor-element-1fb68cf elementor-widget elementor-widget-text-editor\" data-id=\"1fb68cf\" data-element_type=\"widget\" data-widget_type=\"text-editor.default\">\n\t\t\t\t<div class=\"elementor-widget-container\">\n\t\t\t\t\t\t\t<p>\u00a0<\/p><p><img loading=\"lazy\" decoding=\"async\" class=\"size-medium wp-image-3371 aligncenter\" src=\"http:\/\/ssga.ujed.mx\/web\/wp-content\/uploads\/2025\/02\/Logo_final-300x300.png\" alt=\"\" width=\"300\" height=\"300\" srcset=\"http:\/\/ssga.ujed.mx\/web\/wp-content\/uploads\/2025\/02\/Logo_final-300x300.png 300w, http:\/\/ssga.ujed.mx\/web\/wp-content\/uploads\/2025\/02\/Logo_final-1024x1024.png 1024w, http:\/\/ssga.ujed.mx\/web\/wp-content\/uploads\/2025\/02\/Logo_final-150x150.png 150w, http:\/\/ssga.ujed.mx\/web\/wp-content\/uploads\/2025\/02\/Logo_final-768x768.png 768w, http:\/\/ssga.ujed.mx\/web\/wp-content\/uploads\/2025\/02\/Logo_final.png 1080w\" sizes=\"auto, (max-width: 300px) 100vw, 300px\" \/><\/p><p>\u00a0<\/p><p><img loading=\"lazy\" decoding=\"async\" class=\"size-medium wp-image-4208 aligncenter\" src=\"http:\/\/ssga.ujed.mx\/web\/wp-content\/uploads\/2026\/01\/Logo-circular-simple-negro-300x300.png\" alt=\"\" width=\"300\" height=\"300\" srcset=\"http:\/\/ssga.ujed.mx\/web\/wp-content\/uploads\/2026\/01\/Logo-circular-simple-negro-300x300.png 300w, http:\/\/ssga.ujed.mx\/web\/wp-content\/uploads\/2026\/01\/Logo-circular-simple-negro-150x150.png 150w, http:\/\/ssga.ujed.mx\/web\/wp-content\/uploads\/2026\/01\/Logo-circular-simple-negro.png 500w\" sizes=\"auto, (max-width: 300px) 100vw, 300px\" \/><\/p>\t\t\t\t\t\t<\/div>\n\t\t\t\t<\/div>\n\t\t\t\t\t<\/div>\n\t\t\t\t<\/div>\n\t\t<div class=\"elementor-element elementor-element-c7bd4ef e-con-boxed e-con\" data-id=\"c7bd4ef\" data-element_type=\"container\" data-settings=\"{&quot;content_width&quot;:&quot;boxed&quot;}\">\n\t\t\t\t\t<div class=\"e-con-inner\">\n\t\t\t\t\t<\/div>\n\t\t\t\t<\/div>\n\t\t\t\t\t\t\t<\/div>\n\t\t","protected":false},"excerpt":{"rendered":"<p>Direcci\u00f3n de Planeaci\u00f3n Institucional \u00a0 El objetivo primordial de la Direcci\u00f3n de Planeaci\u00f3n Institucional es organizar mediante la cultura de la planeaci\u00f3n la formulaci\u00f3n de planes, programas y proyectos\u00a0institucionales que permitan apoyar la toma de\u00a0decisiones estrat\u00e9gicas para asegurar el\u00a0cumplimiento de la misi\u00f3n y visi\u00f3n universitaria.\u00a0 \u00a0 \u00a0<\/p>\n","protected":false},"author":1,"featured_media":0,"parent":0,"menu_order":0,"comment_status":"closed","ping_status":"closed","template":"","meta":{"site-sidebar-layout":"no-sidebar","site-content-layout":"page-builder","ast-global-header-display":"","ast-main-header-display":"","ast-hfb-above-header-display":"","ast-hfb-below-header-display":"","ast-hfb-mobile-header-display":"","site-post-title":"disabled","ast-breadcrumbs-content":"","ast-featured-img":"disabled","footer-sml-layout":"","theme-transparent-header-meta":"","adv-header-id-meta":"","stick-header-meta":"","header-above-stick-meta":"","header-main-stick-meta":"","header-below-stick-meta":"","footnotes":""},"class_list":["post-1860","page","type-page","status-publish","hentry"],"_links":{"self":[{"href":"http:\/\/ssga.ujed.mx\/web\/wp-json\/wp\/v2\/pages\/1860","targetHints":{"allow":["GET"]}}],"collection":[{"href":"http:\/\/ssga.ujed.mx\/web\/wp-json\/wp\/v2\/pages"}],"about":[{"href":"http:\/\/ssga.ujed.mx\/web\/wp-json\/wp\/v2\/types\/page"}],"author":[{"embeddable":true,"href":"http:\/\/ssga.ujed.mx\/web\/wp-json\/wp\/v2\/users\/1"}],"replies":[{"embeddable":true,"href":"http:\/\/ssga.ujed.mx\/web\/wp-json\/wp\/v2\/comments?post=1860"}],"version-history":[{"count":63,"href":"http:\/\/ssga.ujed.mx\/web\/wp-json\/wp\/v2\/pages\/1860\/revisions"}],"predecessor-version":[{"id":4333,"href":"http:\/\/ssga.ujed.mx\/web\/wp-json\/wp\/v2\/pages\/1860\/revisions\/4333"}],"wp:attachment":[{"href":"http:\/\/ssga.ujed.mx\/web\/wp-json\/wp\/v2\/media?parent=1860"}],"curies":[{"name":"wp","href":"https:\/\/api.w.org\/{rel}","templated":true}]}}