{"id":153,"date":"2021-05-18T01:54:59","date_gmt":"2021-05-18T01:54:59","guid":{"rendered":"http:\/\/ssga.ujed.mx\/web\/?page_id=153"},"modified":"2026-01-15T13:50:05","modified_gmt":"2026-01-15T19:50:05","slug":"academics","status":"publish","type":"page","link":"http:\/\/ssga.ujed.mx\/web\/academics","title":{"rendered":"Direcciones"},"content":{"rendered":"\t\t<div data-elementor-type=\"wp-page\" data-elementor-id=\"153\" class=\"elementor elementor-153\">\n\t\t\t\t\t\t\t\t\t<section class=\"elementor-section elementor-top-section elementor-element elementor-element-ea0ea05 elementor-section-boxed elementor-section-height-default elementor-section-height-default\" data-id=\"ea0ea05\" data-element_type=\"section\" data-settings=\"{&quot;background_background&quot;:&quot;classic&quot;}\">\n\t\t\t\t\t\t<div class=\"elementor-container elementor-column-gap-no\">\n\t\t\t\t\t<div class=\"elementor-column elementor-col-100 elementor-top-column elementor-element elementor-element-85aee06\" data-id=\"85aee06\" data-element_type=\"column\">\n\t\t\t<div class=\"elementor-widget-wrap elementor-element-populated\">\n\t\t\t\t\t\t\t\t<div class=\"elementor-element elementor-element-b34833b elementor-widget elementor-widget-heading\" data-id=\"b34833b\" data-element_type=\"widget\" data-widget_type=\"heading.default\">\n\t\t\t\t<div class=\"elementor-widget-container\">\n\t\t\t<style>\/*! elementor - v3.8.0 - 08-11-2022 *\/\n.elementor-heading-title{padding:0;margin:0;line-height:1}.elementor-widget-heading .elementor-heading-title[class*=elementor-size-]>a{color:inherit;font-size:inherit;line-height:inherit}.elementor-widget-heading .elementor-heading-title.elementor-size-small{font-size:15px}.elementor-widget-heading .elementor-heading-title.elementor-size-medium{font-size:19px}.elementor-widget-heading .elementor-heading-title.elementor-size-large{font-size:29px}.elementor-widget-heading .elementor-heading-title.elementor-size-xl{font-size:39px}.elementor-widget-heading .elementor-heading-title.elementor-size-xxl{font-size:59px}<\/style><h1 class=\"elementor-heading-title elementor-size-default\">Nuestras Direcciones<\/h1>\t\t<\/div>\n\t\t\t\t<\/div>\n\t\t\t\t\t<\/div>\n\t\t<\/div>\n\t\t\t\t\t\t\t<\/div>\n\t\t<\/section>\n\t\t\t\t<section class=\"elementor-section elementor-top-section elementor-element elementor-element-7123a0d elementor-section-boxed elementor-section-height-default elementor-section-height-default\" data-id=\"7123a0d\" data-element_type=\"section\" data-settings=\"{&quot;background_background&quot;:&quot;classic&quot;}\">\n\t\t\t\t\t\t<div class=\"elementor-container elementor-column-gap-no\">\n\t\t\t\t\t<div class=\"elementor-column elementor-col-100 elementor-top-column elementor-element elementor-element-2c29ea0\" data-id=\"2c29ea0\" data-element_type=\"column\">\n\t\t\t<div class=\"elementor-widget-wrap elementor-element-populated\">\n\t\t\t\t\t\t\t\t<div class=\"elementor-element elementor-element-dec0460 elementor-widget elementor-widget-image\" data-id=\"dec0460\" data-element_type=\"widget\" data-widget_type=\"image.default\">\n\t\t\t\t<div class=\"elementor-widget-container\">\n\t\t\t<style>\/*! elementor - v3.8.0 - 08-11-2022 *\/\n.elementor-widget-image{text-align:center}.elementor-widget-image a{display:inline-block}.elementor-widget-image a img[src$=\".svg\"]{width:48px}.elementor-widget-image img{vertical-align:middle;display:inline-block}<\/style>\t\t\t\t\t\t\t\t\t\t\t\t<img loading=\"lazy\" decoding=\"async\" width=\"1024\" height=\"256\" src=\"http:\/\/ssga.ujed.mx\/web\/wp-content\/uploads\/2025\/11\/Bienvenidos-a-la-clase-de-ingles-encabezado-de-Google-Classroom-rojo-y-azul-simple-6-1024x256.png\" class=\"attachment-large size-large wp-image-4017\" alt=\"\" srcset=\"http:\/\/ssga.ujed.mx\/web\/wp-content\/uploads\/2025\/11\/Bienvenidos-a-la-clase-de-ingles-encabezado-de-Google-Classroom-rojo-y-azul-simple-6-1024x256.png 1024w, http:\/\/ssga.ujed.mx\/web\/wp-content\/uploads\/2025\/11\/Bienvenidos-a-la-clase-de-ingles-encabezado-de-Google-Classroom-rojo-y-azul-simple-6-300x75.png 300w, http:\/\/ssga.ujed.mx\/web\/wp-content\/uploads\/2025\/11\/Bienvenidos-a-la-clase-de-ingles-encabezado-de-Google-Classroom-rojo-y-azul-simple-6-768x192.png 768w, http:\/\/ssga.ujed.mx\/web\/wp-content\/uploads\/2025\/11\/Bienvenidos-a-la-clase-de-ingles-encabezado-de-Google-Classroom-rojo-y-azul-simple-6-1536x384.png 1536w, http:\/\/ssga.ujed.mx\/web\/wp-content\/uploads\/2025\/11\/Bienvenidos-a-la-clase-de-ingles-encabezado-de-Google-Classroom-rojo-y-azul-simple-6.png 1920w\" sizes=\"auto, (max-width: 1024px) 100vw, 1024px\" \/>\t\t\t\t\t\t\t\t\t\t\t\t\t\t\t<\/div>\n\t\t\t\t<\/div>\n\t\t\t\t<div class=\"elementor-element elementor-element-ec75d98 elementor-widget-divider--view-line elementor-invisible elementor-widget elementor-widget-divider\" data-id=\"ec75d98\" data-element_type=\"widget\" data-settings=\"{&quot;_animation&quot;:&quot;fadeInDown&quot;}\" data-widget_type=\"divider.default\">\n\t\t\t\t<div class=\"elementor-widget-container\">\n\t\t\t<style>\/*! elementor - v3.8.0 - 08-11-2022 *\/\n.elementor-widget-divider{--divider-border-style:none;--divider-border-width:1px;--divider-color:#2c2c2c;--divider-icon-size:20px;--divider-element-spacing:10px;--divider-pattern-height:24px;--divider-pattern-size:20px;--divider-pattern-url:none;--divider-pattern-repeat:repeat-x}.elementor-widget-divider .elementor-divider{display:flex}.elementor-widget-divider .elementor-divider__text{font-size:15px;line-height:1;max-width:95%}.elementor-widget-divider .elementor-divider__element{margin:0 var(--divider-element-spacing);flex-shrink:0}.elementor-widget-divider .elementor-icon{font-size:var(--divider-icon-size)}.elementor-widget-divider .elementor-divider-separator{display:flex;margin:0;direction:ltr}.elementor-widget-divider--view-line_icon .elementor-divider-separator,.elementor-widget-divider--view-line_text .elementor-divider-separator{align-items:center}.elementor-widget-divider--view-line_icon .elementor-divider-separator:after,.elementor-widget-divider--view-line_icon .elementor-divider-separator:before,.elementor-widget-divider--view-line_text .elementor-divider-separator:after,.elementor-widget-divider--view-line_text .elementor-divider-separator:before{display:block;content:\"\";border-bottom:0;flex-grow:1;border-top:var(--divider-border-width) var(--divider-border-style) var(--divider-color)}.elementor-widget-divider--element-align-left .elementor-divider .elementor-divider-separator>.elementor-divider__svg:first-of-type{flex-grow:0;flex-shrink:100}.elementor-widget-divider--element-align-left .elementor-divider-separator:before{content:none}.elementor-widget-divider--element-align-left .elementor-divider__element{margin-left:0}.elementor-widget-divider--element-align-right .elementor-divider .elementor-divider-separator>.elementor-divider__svg:last-of-type{flex-grow:0;flex-shrink:100}.elementor-widget-divider--element-align-right .elementor-divider-separator:after{content:none}.elementor-widget-divider--element-align-right .elementor-divider__element{margin-right:0}.elementor-widget-divider:not(.elementor-widget-divider--view-line_text):not(.elementor-widget-divider--view-line_icon) .elementor-divider-separator{border-top:var(--divider-border-width) var(--divider-border-style) var(--divider-color)}.elementor-widget-divider--separator-type-pattern{--divider-border-style:none}.elementor-widget-divider--separator-type-pattern.elementor-widget-divider--view-line .elementor-divider-separator,.elementor-widget-divider--separator-type-pattern:not(.elementor-widget-divider--view-line) .elementor-divider-separator:after,.elementor-widget-divider--separator-type-pattern:not(.elementor-widget-divider--view-line) .elementor-divider-separator:before,.elementor-widget-divider--separator-type-pattern:not([class*=elementor-widget-divider--view]) .elementor-divider-separator{width:100%;min-height:var(--divider-pattern-height);-webkit-mask-size:var(--divider-pattern-size) 100%;mask-size:var(--divider-pattern-size) 100%;-webkit-mask-repeat:var(--divider-pattern-repeat);mask-repeat:var(--divider-pattern-repeat);background-color:var(--divider-color);-webkit-mask-image:var(--divider-pattern-url);mask-image:var(--divider-pattern-url)}.elementor-widget-divider--no-spacing{--divider-pattern-size:auto}.elementor-widget-divider--bg-round{--divider-pattern-repeat:round}.rtl .elementor-widget-divider .elementor-divider__text{direction:rtl}.e-con-inner>.elementor-widget-divider,.e-con>.elementor-widget-divider{width:var(--container-widget-width,100%)}<\/style>\t\t<div class=\"elementor-divider\">\n\t\t\t<span class=\"elementor-divider-separator\">\n\t\t\t\t\t\t<\/span>\n\t\t<\/div>\n\t\t\t\t<\/div>\n\t\t\t\t<\/div>\n\t\t\t\t<div class=\"elementor-element elementor-element-8ccfb10 elementor-align-center elementor-widget elementor-widget-button\" data-id=\"8ccfb10\" data-element_type=\"widget\" data-widget_type=\"button.default\">\n\t\t\t\t<div class=\"elementor-widget-container\">\n\t\t\t\t\t<div class=\"elementor-button-wrapper\">\n\t\t\t<a href=\"https:\/\/digitalssga.ujed.mx\" target=\"_blank\" class=\"elementor-button-link elementor-button elementor-size-sm\" role=\"button\">\n\t\t\t\t\t\t<span class=\"elementor-button-content-wrapper\">\n\t\t\t\t\t\t<span class=\"elementor-button-text\">INICIAR SESI\u00d3N<\/span>\n\t\t<\/span>\n\t\t\t\t\t<\/a>\n\t\t<\/div>\n\t\t\t\t<\/div>\n\t\t\t\t<\/div>\n\t\t\t\t<div class=\"elementor-element elementor-element-f30c81c elementor-widget__width-initial elementor-widget-mobile__width-inherit elementor-widget elementor-widget-text-editor\" data-id=\"f30c81c\" data-element_type=\"widget\" data-widget_type=\"text-editor.default\">\n\t\t\t\t<div class=\"elementor-widget-container\">\n\t\t\t<style>\/*! elementor - v3.8.0 - 08-11-2022 *\/\n.elementor-widget-text-editor.elementor-drop-cap-view-stacked .elementor-drop-cap{background-color:#818a91;color:#fff}.elementor-widget-text-editor.elementor-drop-cap-view-framed .elementor-drop-cap{color:#818a91;border:3px solid;background-color:transparent}.elementor-widget-text-editor:not(.elementor-drop-cap-view-default) .elementor-drop-cap{margin-top:8px}.elementor-widget-text-editor:not(.elementor-drop-cap-view-default) .elementor-drop-cap-letter{width:1em;height:1em}.elementor-widget-text-editor .elementor-drop-cap{float:left;text-align:center;line-height:1;font-size:50px}.elementor-widget-text-editor .elementor-drop-cap-letter{display:inline-block}<\/style>\t\t\t\t<h5 style=\"text-align: center;\"><strong style=\"font-style: inherit; color: var(--ast-global-color-3);\">En la Subsecretar\u00eda General Acad\u00e9mica, podr\u00e1s encontrar las siguientes direcciones, las cuales tienen como prop\u00f3sito potenciar los programas acad\u00e9micos de nuestra Instituci\u00f3n.\u00a0<\/strong><\/h5>\t\t\t\t\t\t<\/div>\n\t\t\t\t<\/div>\n\t\t\t\t\t<\/div>\n\t\t<\/div>\n\t\t\t\t\t\t\t<\/div>\n\t\t<\/section>\n\t\t\t\t<section class=\"elementor-section elementor-top-section elementor-element elementor-element-465d6c1 elementor-section-boxed elementor-section-height-default elementor-section-height-default\" data-id=\"465d6c1\" data-element_type=\"section\">\n\t\t\t\t\t\t<div class=\"elementor-container elementor-column-gap-no\">\n\t\t\t\t\t<div class=\"elementor-column elementor-col-100 elementor-top-column elementor-element elementor-element-eeac98a\" data-id=\"eeac98a\" data-element_type=\"column\">\n\t\t\t<div class=\"elementor-widget-wrap elementor-element-populated\">\n\t\t\t\t\t\t\t\t<div class=\"elementor-element elementor-element-a7c49ba elementor-position-left elementor-vertical-align-middle elementor-widget elementor-widget-image-box\" data-id=\"a7c49ba\" data-element_type=\"widget\" data-widget_type=\"image-box.default\">\n\t\t\t\t<div class=\"elementor-widget-container\">\n\t\t\t<style>\/*! elementor - v3.8.0 - 08-11-2022 *\/\n.elementor-widget-image-box .elementor-image-box-content{width:100%}@media (min-width:768px){.elementor-widget-image-box.elementor-position-left .elementor-image-box-wrapper,.elementor-widget-image-box.elementor-position-right .elementor-image-box-wrapper{display:flex}.elementor-widget-image-box.elementor-position-right .elementor-image-box-wrapper{text-align:right;flex-direction:row-reverse}.elementor-widget-image-box.elementor-position-left .elementor-image-box-wrapper{text-align:left;flex-direction:row}.elementor-widget-image-box.elementor-position-top .elementor-image-box-img{margin:auto}.elementor-widget-image-box.elementor-vertical-align-top .elementor-image-box-wrapper{align-items:flex-start}.elementor-widget-image-box.elementor-vertical-align-middle .elementor-image-box-wrapper{align-items:center}.elementor-widget-image-box.elementor-vertical-align-bottom .elementor-image-box-wrapper{align-items:flex-end}}@media (max-width:767px){.elementor-widget-image-box .elementor-image-box-img{margin-left:auto!important;margin-right:auto!important;margin-bottom:15px}}.elementor-widget-image-box .elementor-image-box-img{display:inline-block}.elementor-widget-image-box .elementor-image-box-title a{color:inherit}.elementor-widget-image-box .elementor-image-box-wrapper{text-align:center}.elementor-widget-image-box .elementor-image-box-description{margin:0}<\/style><div class=\"elementor-image-box-wrapper\"><figure class=\"elementor-image-box-img\"><img loading=\"lazy\" decoding=\"async\" width=\"966\" height=\"687\" src=\"http:\/\/ssga.ujed.mx\/web\/wp-content\/uploads\/2022\/05\/Captura-de-pantalla-2022-05-16-a-las-10.36.52.png\" class=\"attachment-full size-full wp-image-1852\" alt=\"\" srcset=\"http:\/\/ssga.ujed.mx\/web\/wp-content\/uploads\/2022\/05\/Captura-de-pantalla-2022-05-16-a-las-10.36.52.png 966w, http:\/\/ssga.ujed.mx\/web\/wp-content\/uploads\/2022\/05\/Captura-de-pantalla-2022-05-16-a-las-10.36.52-300x213.png 300w, http:\/\/ssga.ujed.mx\/web\/wp-content\/uploads\/2022\/05\/Captura-de-pantalla-2022-05-16-a-las-10.36.52-768x546.png 768w\" sizes=\"auto, (max-width: 966px) 100vw, 966px\" \/><\/figure><div class=\"elementor-image-box-content\"><h3 class=\"elementor-image-box-title\">Direcci\u00f3n de Internacionalizaci\u00f3n<\/h3><p class=\"elementor-image-box-description\"><span style=\"font-size:20px\">En la Direcci\u00f3n de Internacionalizaci\u00f3n estamos para servir y apoyar los programas de intercambio y movilidad con la finalidad de ayudar a los estudiantes, docentes, investigadores y administrativos a desarrollar competencias que mejoren su perfil profesional y los ayuden a interactuar m\u00e1s eficazmente en el ambiente globalizado en el que vivimos actualmente.<\/span>\n\n<\/p><\/div><\/div>\t\t<\/div>\n\t\t\t\t<\/div>\n\t\t\t\t<div class=\"elementor-element elementor-element-4f1de89 elementor-align-center elementor-widget elementor-widget-button\" data-id=\"4f1de89\" data-element_type=\"widget\" data-widget_type=\"button.default\">\n\t\t\t\t<div class=\"elementor-widget-container\">\n\t\t\t\t\t<div class=\"elementor-button-wrapper\">\n\t\t\t<a href=\"http:\/\/ssga.ujed.mx\/web\/?page_id=1871#internacional\" class=\"elementor-button-link elementor-button elementor-size-sm\" role=\"button\">\n\t\t\t\t\t\t<span class=\"elementor-button-content-wrapper\">\n\t\t\t\t\t\t<span class=\"elementor-button-text\">Conoce m\u00e1s de la DI<\/span>\n\t\t<\/span>\n\t\t\t\t\t<\/a>\n\t\t<\/div>\n\t\t\t\t<\/div>\n\t\t\t\t<\/div>\n\t\t\t\t<div class=\"elementor-element elementor-element-e2dba9a elementor-position-left elementor-vertical-align-middle elementor-widget elementor-widget-image-box\" data-id=\"e2dba9a\" data-element_type=\"widget\" data-widget_type=\"image-box.default\">\n\t\t\t\t<div class=\"elementor-widget-container\">\n\t\t\t<div class=\"elementor-image-box-wrapper\"><figure class=\"elementor-image-box-img\"><img loading=\"lazy\" decoding=\"async\" width=\"965\" height=\"646\" src=\"http:\/\/ssga.ujed.mx\/web\/wp-content\/uploads\/2022\/05\/Captura-de-pantalla-2022-05-16-a-las-10.43.05.png\" class=\"attachment-full size-full wp-image-1853\" alt=\"\" srcset=\"http:\/\/ssga.ujed.mx\/web\/wp-content\/uploads\/2022\/05\/Captura-de-pantalla-2022-05-16-a-las-10.43.05.png 965w, http:\/\/ssga.ujed.mx\/web\/wp-content\/uploads\/2022\/05\/Captura-de-pantalla-2022-05-16-a-las-10.43.05-300x201.png 300w, http:\/\/ssga.ujed.mx\/web\/wp-content\/uploads\/2022\/05\/Captura-de-pantalla-2022-05-16-a-las-10.43.05-768x514.png 768w\" sizes=\"auto, (max-width: 965px) 100vw, 965px\" \/><\/figure><div class=\"elementor-image-box-content\"><h3 class=\"elementor-image-box-title\">Direcci\u00f3n de Planeaci\u00f3n Institucional<\/h3><p class=\"elementor-image-box-description\"><span style=\"font-size:20px\">Organizar mediante la cultura de la planeaci\u00f3n la formulaci\u00f3n de planes, programas y proyectos institucionales que permitan apoyar la toma de decisiones estrat\u00e9gicas para asegurar el cumplimiento de la misi\u00f3n y visi\u00f3n de la UJED<\/span>\n\n<\/p><\/div><\/div>\t\t<\/div>\n\t\t\t\t<\/div>\n\t\t\t\t<div class=\"elementor-element elementor-element-038f8d1 elementor-align-center elementor-widget elementor-widget-button\" data-id=\"038f8d1\" data-element_type=\"widget\" data-widget_type=\"button.default\">\n\t\t\t\t<div class=\"elementor-widget-container\">\n\t\t\t\t\t<div class=\"elementor-button-wrapper\">\n\t\t\t<a href=\"http:\/\/ssga.ujed.mx\/web\/?page_id=1860#planeacion\" class=\"elementor-button-link elementor-button elementor-size-sm\" role=\"button\">\n\t\t\t\t\t\t<span class=\"elementor-button-content-wrapper\">\n\t\t\t\t\t\t<span class=\"elementor-button-text\">Conoce m\u00e1s de la DPI<\/span>\n\t\t<\/span>\n\t\t\t\t\t<\/a>\n\t\t<\/div>\n\t\t\t\t<\/div>\n\t\t\t\t<\/div>\n\t\t\t\t<div class=\"elementor-element elementor-element-f37d823 elementor-position-left elementor-vertical-align-middle elementor-widget elementor-widget-image-box\" data-id=\"f37d823\" data-element_type=\"widget\" data-widget_type=\"image-box.default\">\n\t\t\t\t<div class=\"elementor-widget-container\">\n\t\t\t<div class=\"elementor-image-box-wrapper\"><figure class=\"elementor-image-box-img\"><img loading=\"lazy\" decoding=\"async\" width=\"864\" height=\"670\" src=\"http:\/\/ssga.ujed.mx\/web\/wp-content\/uploads\/2022\/05\/Captura-de-pantalla-2022-05-16-a-las-10.47.19.png\" class=\"attachment-full size-full wp-image-1854\" alt=\"\" srcset=\"http:\/\/ssga.ujed.mx\/web\/wp-content\/uploads\/2022\/05\/Captura-de-pantalla-2022-05-16-a-las-10.47.19.png 864w, http:\/\/ssga.ujed.mx\/web\/wp-content\/uploads\/2022\/05\/Captura-de-pantalla-2022-05-16-a-las-10.47.19-300x233.png 300w, http:\/\/ssga.ujed.mx\/web\/wp-content\/uploads\/2022\/05\/Captura-de-pantalla-2022-05-16-a-las-10.47.19-768x596.png 768w\" sizes=\"auto, (max-width: 864px) 100vw, 864px\" \/><\/figure><div class=\"elementor-image-box-content\"><h3 class=\"elementor-image-box-title\">Direcci\u00f3n de Desarrollo y Fortalecimiento Acad\u00e9mico<\/h3><p class=\"elementor-image-box-description\"><span style=\"font-size:20px\">En la Direcci\u00f3n de Desarrollo y Fortalecimiento Docente(DDFA) se trabaja en el fortalecimiento de la planta acad\u00e9mica de la universidad, a trav\u00e9s de los procesos de mejora continua del profesorado, programas de incentivos y concursos por oposici\u00f3n.<\/span>\n\n<\/p><\/div><\/div>\t\t<\/div>\n\t\t\t\t<\/div>\n\t\t\t\t<div class=\"elementor-element elementor-element-c1ee6c5 elementor-align-center elementor-widget elementor-widget-button\" data-id=\"c1ee6c5\" data-element_type=\"widget\" data-widget_type=\"button.default\">\n\t\t\t\t<div class=\"elementor-widget-container\">\n\t\t\t\t\t<div class=\"elementor-button-wrapper\">\n\t\t\t<a href=\"http:\/\/ssga.ujed.mx\/web\/?page_id=1864#desarrollo\" class=\"elementor-button-link elementor-button elementor-size-sm\" role=\"button\">\n\t\t\t\t\t\t<span class=\"elementor-button-content-wrapper\">\n\t\t\t\t\t\t<span class=\"elementor-button-text\">Conoce m\u00e1s de la DDFA<\/span>\n\t\t<\/span>\n\t\t\t\t\t<\/a>\n\t\t<\/div>\n\t\t\t\t<\/div>\n\t\t\t\t<\/div>\n\t\t\t\t<div class=\"elementor-element elementor-element-f4bd300 elementor-position-left elementor-vertical-align-middle elementor-widget elementor-widget-image-box\" data-id=\"f4bd300\" data-element_type=\"widget\" data-widget_type=\"image-box.default\">\n\t\t\t\t<div class=\"elementor-widget-container\">\n\t\t\t<div class=\"elementor-image-box-wrapper\"><figure class=\"elementor-image-box-img\"><img loading=\"lazy\" decoding=\"async\" width=\"960\" height=\"646\" src=\"http:\/\/ssga.ujed.mx\/web\/wp-content\/uploads\/2022\/05\/Captura-de-pantalla-2022-05-16-a-las-10.51.28.png\" class=\"attachment-full size-full wp-image-1855\" alt=\"\" srcset=\"http:\/\/ssga.ujed.mx\/web\/wp-content\/uploads\/2022\/05\/Captura-de-pantalla-2022-05-16-a-las-10.51.28.png 960w, http:\/\/ssga.ujed.mx\/web\/wp-content\/uploads\/2022\/05\/Captura-de-pantalla-2022-05-16-a-las-10.51.28-300x202.png 300w, http:\/\/ssga.ujed.mx\/web\/wp-content\/uploads\/2022\/05\/Captura-de-pantalla-2022-05-16-a-las-10.51.28-768x517.png 768w\" sizes=\"auto, (max-width: 960px) 100vw, 960px\" \/><\/figure><div class=\"elementor-image-box-content\"><h3 class=\"elementor-image-box-title\">Direcci\u00f3n de Servicios Educativos<\/h3><p class=\"elementor-image-box-description\"><span style=\"font-size:20px\">La Direcci\u00f3n de Servicios Educativos, es un \u00e1rea de servicios y apoyo a estudiantes en donde se generan programas, proyectos, pol\u00edticas y acciones institucionales dirigidas a la comunidad estudiantil; se trabaja de manera colaborativa desde la SSGA con unidades acad\u00e9micas y administrativas, as\u00ed como, con instituciones y dependencias p\u00fablicas y privadas.<\/span>\n\n<\/p><\/div><\/div>\t\t<\/div>\n\t\t\t\t<\/div>\n\t\t\t\t<div class=\"elementor-element elementor-element-f664492 elementor-align-center elementor-widget elementor-widget-button\" data-id=\"f664492\" data-element_type=\"widget\" data-widget_type=\"button.default\">\n\t\t\t\t<div class=\"elementor-widget-container\">\n\t\t\t\t\t<div class=\"elementor-button-wrapper\">\n\t\t\t<a href=\"http:\/\/ssga.ujed.mx\/web\/?page_id=1873#servicios\" class=\"elementor-button-link elementor-button elementor-size-sm\" role=\"button\">\n\t\t\t\t\t\t<span class=\"elementor-button-content-wrapper\">\n\t\t\t\t\t\t<span class=\"elementor-button-text\">Conoce m\u00e1s de la DSE<\/span>\n\t\t<\/span>\n\t\t\t\t\t<\/a>\n\t\t<\/div>\n\t\t\t\t<\/div>\n\t\t\t\t<\/div>\n\t\t\t\t<div class=\"elementor-element elementor-element-13ae6b1 elementor-widget elementor-widget-text-editor\" data-id=\"13ae6b1\" data-element_type=\"widget\" data-widget_type=\"text-editor.default\">\n\t\t\t\t<div class=\"elementor-widget-container\">\n\t\t\t\t\t\t\t<p><img loading=\"lazy\" decoding=\"async\" class=\"size-medium wp-image-3371 aligncenter\" src=\"http:\/\/ssga.ujed.mx\/web\/wp-content\/uploads\/2025\/02\/Logo_final-300x300.png\" alt=\"\" width=\"300\" height=\"300\" srcset=\"http:\/\/ssga.ujed.mx\/web\/wp-content\/uploads\/2025\/02\/Logo_final-300x300.png 300w, http:\/\/ssga.ujed.mx\/web\/wp-content\/uploads\/2025\/02\/Logo_final-1024x1024.png 1024w, http:\/\/ssga.ujed.mx\/web\/wp-content\/uploads\/2025\/02\/Logo_final-150x150.png 150w, http:\/\/ssga.ujed.mx\/web\/wp-content\/uploads\/2025\/02\/Logo_final-768x768.png 768w, http:\/\/ssga.ujed.mx\/web\/wp-content\/uploads\/2025\/02\/Logo_final.png 1080w\" sizes=\"auto, (max-width: 300px) 100vw, 300px\" \/><\/p><p><img loading=\"lazy\" decoding=\"async\" class=\"size-medium wp-image-4208 aligncenter\" src=\"http:\/\/ssga.ujed.mx\/web\/wp-content\/uploads\/2026\/01\/Logo-circular-simple-negro-300x300.png\" alt=\"\" width=\"300\" height=\"300\" srcset=\"http:\/\/ssga.ujed.mx\/web\/wp-content\/uploads\/2026\/01\/Logo-circular-simple-negro-300x300.png 300w, http:\/\/ssga.ujed.mx\/web\/wp-content\/uploads\/2026\/01\/Logo-circular-simple-negro-150x150.png 150w, http:\/\/ssga.ujed.mx\/web\/wp-content\/uploads\/2026\/01\/Logo-circular-simple-negro.png 500w\" sizes=\"auto, (max-width: 300px) 100vw, 300px\" \/><\/p>\t\t\t\t\t\t<\/div>\n\t\t\t\t<\/div>\n\t\t\t\t\t<\/div>\n\t\t<\/div>\n\t\t\t\t\t\t\t<\/div>\n\t\t<\/section>\n\t\t\t\t\t\t\t<\/div>\n\t\t","protected":false},"excerpt":{"rendered":"<p>Nuestras Direcciones INICIAR SESI\u00d3N En la Subsecretar\u00eda General Acad\u00e9mica, podr\u00e1s encontrar las siguientes direcciones, las cuales tienen como prop\u00f3sito potenciar los programas acad\u00e9micos de nuestra Instituci\u00f3n.\u00a0 Direcci\u00f3n de Internacionalizaci\u00f3n En la Direcci\u00f3n de Internacionalizaci\u00f3n estamos para servir y apoyar los programas de intercambio y movilidad con la finalidad de ayudar a los estudiantes, docentes, investigadores &hellip;<\/p>\n<p class=\"read-more\"> <a class=\"\" href=\"http:\/\/ssga.ujed.mx\/web\/academics\"> <span class=\"screen-reader-text\">Direcciones<\/span> Leer m\u00e1s &raquo;<\/a><\/p>\n","protected":false},"author":1,"featured_media":0,"parent":0,"menu_order":0,"comment_status":"closed","ping_status":"closed","template":"","meta":{"site-sidebar-layout":"no-sidebar","site-content-layout":"page-builder","ast-global-header-display":"","ast-main-header-display":"","ast-hfb-above-header-display":"","ast-hfb-below-header-display":"","ast-hfb-mobile-header-display":"","site-post-title":"disabled","ast-breadcrumbs-content":"disabled","ast-featured-img":"disabled","footer-sml-layout":"","theme-transparent-header-meta":"default","adv-header-id-meta":"","stick-header-meta":"","header-above-stick-meta":"","header-main-stick-meta":"","header-below-stick-meta":"","footnotes":""},"class_list":["post-153","page","type-page","status-publish","hentry"],"_links":{"self":[{"href":"http:\/\/ssga.ujed.mx\/web\/wp-json\/wp\/v2\/pages\/153","targetHints":{"allow":["GET"]}}],"collection":[{"href":"http:\/\/ssga.ujed.mx\/web\/wp-json\/wp\/v2\/pages"}],"about":[{"href":"http:\/\/ssga.ujed.mx\/web\/wp-json\/wp\/v2\/types\/page"}],"author":[{"embeddable":true,"href":"http:\/\/ssga.ujed.mx\/web\/wp-json\/wp\/v2\/users\/1"}],"replies":[{"embeddable":true,"href":"http:\/\/ssga.ujed.mx\/web\/wp-json\/wp\/v2\/comments?post=153"}],"version-history":[{"count":62,"href":"http:\/\/ssga.ujed.mx\/web\/wp-json\/wp\/v2\/pages\/153\/revisions"}],"predecessor-version":[{"id":4226,"href":"http:\/\/ssga.ujed.mx\/web\/wp-json\/wp\/v2\/pages\/153\/revisions\/4226"}],"wp:attachment":[{"href":"http:\/\/ssga.ujed.mx\/web\/wp-json\/wp\/v2\/media?parent=153"}],"curies":[{"name":"wp","href":"https:\/\/api.w.org\/{rel}","templated":true}]}}